{"id":5038,"date":"2018-11-23T14:46:55","date_gmt":"2018-11-23T19:46:55","guid":{"rendered":"https:\/\/montrealtips.com\/?page_id=5038"},"modified":"2022-06-14T09:55:26","modified_gmt":"2022-06-14T13:55:26","slug":"tarek-riman","status":"publish","type":"page","link":"https:\/\/montrealtips.com\/fr\/tarek-riman\/","title":{"rendered":"Tarek Riman"},"content":{"rendered":"<style type=\"text\/css\" data-created_by=\"avia_inline_auto\" id=\"style-css-av-ybymm-ba3bd1510c1631739de7ab3830229f5e\">\n.flex_column.av-ybymm-ba3bd1510c1631739de7ab3830229f5e{\nborder-radius:0px 0px 0px 0px;\npadding:0px 0px 0px 0px;\n}\n<\/style>\n<div  class='flex_column av-ybymm-ba3bd1510c1631739de7ab3830229f5e av_one_third  avia-builder-el-0  el_before_av_two_third  avia-builder-el-first  first flex_column_div av-zero-column-padding'     ><section  class='avia-team-member av-joufqgp9-246dbb69d27f4f7f66e2a23346b00819  avia-builder-el-1  avia-builder-el-no-sibling'  itemscope=\"itemscope\" itemtype=\"https:\/\/schema.org\/Person\" ><div class=\"team-img-container\"><img decoding=\"async\" fetchpriority=\"high\" class='wp-image-5017 avia-img-lazy-loading-not-5017 avia_image avia_image_team' src=\"https:\/\/montrealtips.com\/wp-content\/uploads\/2018\/11\/linkedin-profile.jpg\" alt='Tarek Riman'  itemprop=\"image\"   height=\"567\" width=\"962\" srcset=\"https:\/\/montrealtips.com\/wp-content\/uploads\/2018\/11\/linkedin-profile.jpg 962w, https:\/\/montrealtips.com\/wp-content\/uploads\/2018\/11\/linkedin-profile-300x177.jpg 300w, https:\/\/montrealtips.com\/wp-content\/uploads\/2018\/11\/linkedin-profile-768x453.jpg 768w, https:\/\/montrealtips.com\/wp-content\/uploads\/2018\/11\/linkedin-profile-705x416.jpg 705w, https:\/\/montrealtips.com\/wp-content\/uploads\/2018\/11\/linkedin-profile-450x265.jpg 450w\" sizes=\"(max-width: 962px) 100vw, 962px\" \/><div class=\"team-social\"><div class=\"team-social-inner\"><span class='hidden av_member_url_markup linkedin'  itemprop=\"url\" >https:\/\/www.linkedin.com\/in\/tarekriman\/<\/span><a href='https:\/\/www.linkedin.com\/in\/tarekriman\/' class='avia-team-icon av-7xcqpa-54f91518d7374e885da21dcf65ba55da linkedin avia-iconfont avia-font-entypo-fontello' rel='v:url' data-avia-tooltip=\"LinkedIn\"  data-av_icon='\ue8fc' data-av_iconfont='entypo-fontello' ><\/a><span class='hidden av_member_url_markup twitter'  itemprop=\"url\" >https:\/\/twitter.com\/tarekriman<\/span><a href='https:\/\/twitter.com\/tarekriman' class='avia-team-icon av-knf5a-9a0ef8ec2426104c4adbe1da7caf1715 twitter avia-iconfont avia-font-entypo-fontello' rel='v:url' data-avia-tooltip=\"Twitter\"  data-av_icon='\ue8f1' data-av_iconfont='entypo-fontello' ><\/a><span class='hidden av_member_url_markup facebook'  itemprop=\"url\" >https:\/\/www.facebook.com\/TarekRiman<\/span><a href='https:\/\/www.facebook.com\/TarekRiman' class='avia-team-icon av-3mzgz2-105cc68136c44496ad9c308e0e685023 facebook avia-iconfont avia-font-entypo-fontello' rel='v:url' data-avia-tooltip=\"Facebook\"  data-av_icon='\ue8f3' data-av_iconfont='entypo-fontello' ><\/a><\/div><\/div><\/div><h3 class='team-member-name'  itemprop=\"name\" >Tarek Riman<\/h3><div class='team-member-job-title'  itemprop=\"jobTitle\" >Je crois qu&#039;il faut aider les autres. Montreal Tips a revers\u00e9 tous ses profits de cette ann\u00e9e \u00e0 des \u0153uvres caritatives.<\/div><span class='hidden team-member-affiliation'  itemprop=\"affiliation\" >Conseils pour Montr\u00e9al<\/span><\/section><\/div>\n<style type=\"text\/css\" data-created_by=\"avia_inline_auto\" id=\"style-css-av-286rn2-bba39fdc62d4c09a66aee7f0ecfffb49\">\n.flex_column.av-286rn2-bba39fdc62d4c09a66aee7f0ecfffb49{\nborder-radius:0px 0px 0px 0px;\npadding:0px 0px 0px 0px;\n}\n<\/style>\n<div  class='flex_column av-286rn2-bba39fdc62d4c09a66aee7f0ecfffb49 av_two_third  avia-builder-el-2  el_after_av_one_third  el_before_av_hr  flex_column_div av-zero-column-padding'     ><section  class='av_textblock_section av-joufrc0t-3bf4a94506ad274cc880924dca420be0'   itemscope=\"itemscope\" itemtype=\"https:\/\/schema.org\/CreativeWork\" ><div class='avia_textblock'  itemprop=\"text\" ><p>Passionn\u00e9e par l&#039;exploration et le partage de nouvelles d\u00e9couvertes, j&#039;ai \u00e9galement fond\u00e9 Montrealtips.com, dont les b\u00e9n\u00e9fices sont revers\u00e9s au Haut-Commissariat des Nations Unies pour les r\u00e9fugi\u00e9s, \u00e0 l&#039;H\u00f4pital de Montr\u00e9al pour enfants et \u00e0 d&#039;autres causes. Je m&#039;implique aussi aupr\u00e8s d&#039;ONG et d&#039;organismes caritatifs au Canada et \u00e0 l&#039;\u00e9tranger.<\/p>\n<p>Consultez la liste des organismes de bienfaisance de cette ann\u00e9e. Aidez-nous si vous le pouvez. <a href=\"https:\/\/give.breakfastclubcanada.org\/montreal-tips\">https:\/\/give.breakfastclubcanada.org\/montreal-tips<\/a><\/p>\n<\/div><\/section><\/div><div  class='hr av-2aukpq-f42a5de48f5e8de8ebed03853e7cea9c hr-default  avia-builder-el-4  el_after_av_two_third  el_before_av_blog'><span class='hr-inner'><span class=\"hr-inner-style\"><\/span><\/span><\/div><\/p>\n<div  data-slideshow-options=\"{&quot;animation&quot;:&quot;fade&quot;,&quot;autoplay&quot;:false,&quot;loop_autoplay&quot;:&quot;once&quot;,&quot;interval&quot;:5,&quot;loop_manual&quot;:&quot;manual-endless&quot;,&quot;autoplay_stopper&quot;:false,&quot;noNavigation&quot;:false,&quot;show_slide_delay&quot;:90}\" class='avia-content-slider avia-content-grid-active avia-content-slider1 avia-content-slider-odd  avia-builder-el-5  el_after_av_hr  avia-builder-el-last  av-slideshow-ui av-control-default   av-no-slider-navigation av-slideshow-manual av-loop-once av-loop-manual-endless'  itemscope=\"itemscope\" itemtype=\"https:\/\/schema.org\/Blog\" ><div class=\"avia-content-slider-inner\"><div class=\"slide-entry-wrap\"><article class='slide-entry flex_column  post-entry post-entry-8238 slide-entry-overview slide-loop-1 slide-parity-odd  av_one_third first real-thumbnail posttype-post post-format-standard'  itemscope=\"itemscope\" itemtype=\"https:\/\/schema.org\/CreativeWork\" ><a href='https:\/\/montrealtips.com\/fr\/2026\/04\/05\/best-winter-jackets-in-montreal-where-to-buy-what-to-get\/' data-rel='slide-1' class='slide-image' title='Les meilleurs manteaux d&#039;hiver \u00e0 Montr\u00e9al\u00a0: o\u00f9 acheter et quoi choisir'><img decoding=\"async\" fetchpriority=\"high\" width=\"495\" height=\"400\" src=\"https:\/\/montrealtips.com\/wp-content\/uploads\/2026\/04\/qtq80-Y30SYh-495x400.jpeg\" class=\"wp-image-8241 avia-img-lazy-loading-not-8241 attachment-portfolio size-portfolio wp-post-image\" alt=\"\" srcset=\"https:\/\/montrealtips.com\/wp-content\/uploads\/2026\/04\/qtq80-Y30SYh-495x400.jpeg 495w, https:\/\/montrealtips.com\/wp-content\/uploads\/2026\/04\/qtq80-Y30SYh-16x12.jpeg 16w, https:\/\/montrealtips.com\/wp-content\/uploads\/2026\/04\/qtq80-Y30SYh-845x684.jpeg 845w\" sizes=\"(max-width: 495px) 100vw, 495px\" \/><\/a><div class=\"slide-content\"><header class=\"entry-content-header\" aria-label=\"Slide: Best Winter Jackets in Montr\u00e9al \u2014 Where to Buy &amp; What to Get\"><span class=\"blog-categories minor-meta\"><a href=\"https:\/\/montrealtips.com\/fr\/category\/feature\/\" rel=\"tag\">Fonctionnalit\u00e9<\/a> <\/span><h3 class='slide-entry-title entry-title'  itemprop=\"headline\" ><a href='https:\/\/montrealtips.com\/fr\/2026\/04\/05\/best-winter-jackets-in-montreal-where-to-buy-what-to-get\/' title='Les meilleurs manteaux d&#039;hiver \u00e0 Montr\u00e9al\u00a0: o\u00f9 acheter et quoi choisir'>Les meilleurs manteaux d&#039;hiver \u00e0 Montr\u00e9al\u00a0: o\u00f9 acheter et quoi choisir<\/a><\/h3><span class=\"av-vertical-delimiter\"><\/span><\/header><\/div><footer class=\"entry-footer\"><\/footer><span class='hidden'>\n\t\t\t\t<span class='av-structured-data'  itemprop=\"image\" itemscope=\"itemscope\" itemtype=\"https:\/\/schema.org\/ImageObject\" >\n\t\t\t\t\t\t<span itemprop='url'>https:\/\/montrealtips.com\/wp-content\/uploads\/2026\/04\/qtq80-Y30SYh.jpeg<\/span>\n\t\t\t\t\t\t<span itemprop='height'>1194<\/span>\n\t\t\t\t\t\t<span itemprop='width'>1592<\/span>\n\t\t\t\t<\/span>\n\t\t\t\t<span class='av-structured-data'  itemprop=\"publisher\" itemtype=\"https:\/\/schema.org\/Organization\" itemscope=\"itemscope\" >\n\t\t\t\t\t\t<span itemprop='name'>T Riman<\/span>\n\t\t\t\t\t\t<span itemprop='logo' itemscope itemtype='https:\/\/schema.org\/ImageObject'>\n\t\t\t\t\t\t\t<span itemprop='url'>https:\/\/montrealtips.com\/wp-content\/uploads\/2023\/11\/Screen-Shot-2021-06-02-at-9-1.webp<\/span>\n\t\t\t\t\t\t<\/span>\n\t\t\t\t<\/span><span class='av-structured-data'  itemprop=\"author\" itemscope=\"itemscope\" itemtype=\"https:\/\/schema.org\/Person\" ><span itemprop='name'>T Riman<\/span><\/span><span class='av-structured-data'  itemprop=\"datePublished\" datetime=\"2018-11-23T14:46:55-05:00\" >2026-04-05 13:56:41<\/span><span class='av-structured-data'  itemprop=\"dateModified\" itemtype=\"https:\/\/schema.org\/dateModified\" >2026-04-05 13:59:28<\/span><span class='av-structured-data'  itemprop=\"mainEntityOfPage\" itemtype=\"https:\/\/schema.org\/mainEntityOfPage\" ><span itemprop='name'>Les meilleurs manteaux d&#039;hiver \u00e0 Montr\u00e9al\u00a0: o\u00f9 acheter et quoi choisir<\/span><\/span><\/span><\/article><article class='slide-entry flex_column  post-entry post-entry-8226 slide-entry-overview slide-loop-2 slide-parity-even  av_one_third  fake-thumbnail posttype-post post-format-standard'  itemscope=\"itemscope\" itemtype=\"https:\/\/schema.org\/CreativeWork\" ><a href='https:\/\/montrealtips.com\/fr\/2026\/04\/05\/the-best-shoe-stores-in-montreal\/' data-rel='slide-1' class='slide-image' title='Les meilleurs magasins de chaussures \u00e0 Montr\u00e9al'><span class='fallback-post-type-icon avia-svg-icon avia-font-svg_entypo-fontello' data-av_svg_icon='pencil' data-av_iconset='svg_entypo-fontello'><svg version=\"1.1\" xmlns=\"http:\/\/www.w3.org\/2000\/svg\" width=\"25\" height=\"32\" viewbox=\"0 0 25 32\" preserveaspectratio=\"xMidYMid meet\" role=\"graphics-symbol\" aria-hidden=\"true\">\n<path d=\"M22.976 5.44q1.024 1.024 1.504 2.048t0.48 1.536v0.512l-8.064 8.064-9.28 9.216-7.616 1.664 1.6-7.68 9.28-9.216 8.064-8.064q1.728-0.384 4.032 1.92zM7.168 25.92l0.768-0.768q-0.064-1.408-1.664-3.008-0.704-0.704-1.44-1.12t-1.12-0.416l-0.448-0.064-0.704 0.768-0.576 2.56q0.896 0.512 1.472 1.088 0.768 0.768 1.152 1.536z\"><\/path>\n<\/svg><\/span><span class='slider-fallback-image'><img decoding=\"async\" fetchpriority=\"high\" width=\"495\" height=\"400\" src=\"https:\/\/montrealtips.com\/wp-content\/uploads\/2026\/04\/Gemini_Generated_Image_uad5jpuad5jpuad5-495x400.png\" class=\"wp-image-8209 avia-img-lazy-loading-not-8209 attachment-portfolio size-portfolio wp-post-image\" alt=\"\" srcset=\"https:\/\/montrealtips.com\/wp-content\/uploads\/2026\/04\/Gemini_Generated_Image_uad5jpuad5jpuad5-495x400.png 495w, https:\/\/montrealtips.com\/wp-content\/uploads\/2026\/04\/Gemini_Generated_Image_uad5jpuad5jpuad5-845x684.png 845w\" sizes=\"(max-width: 495px) 100vw, 495px\" \/><\/span><\/a><div class=\"slide-content\"><header class=\"entry-content-header\" aria-label=\"Slide: The Best Shoe Stores in Montreal\"><span class=\"blog-categories minor-meta\"><a href=\"https:\/\/montrealtips.com\/fr\/category\/uncategorized\/\" rel=\"tag\">Non class\u00e9<\/a> <\/span><h3 class='slide-entry-title entry-title'  itemprop=\"headline\" ><a href='https:\/\/montrealtips.com\/fr\/2026\/04\/05\/the-best-shoe-stores-in-montreal\/' title='Les meilleurs magasins de chaussures \u00e0 Montr\u00e9al'>Les meilleurs magasins de chaussures \u00e0 Montr\u00e9al<\/a><\/h3><span class=\"av-vertical-delimiter\"><\/span><\/header><\/div><footer class=\"entry-footer\"><\/footer><span class='hidden'>\n\t\t\t\t<span class='av-structured-data'  itemprop=\"image\" itemscope=\"itemscope\" itemtype=\"https:\/\/schema.org\/ImageObject\" >\n\t\t\t\t\t\t<span itemprop='url'>https:\/\/montrealtips.com\/wp-content\/uploads\/2023\/11\/Screen-Shot-2021-06-02-at-9-1.webp<\/span>\n\t\t\t\t\t\t<span itemprop='height'>0<\/span>\n\t\t\t\t\t\t<span itemprop='width'>0<\/span>\n\t\t\t\t<\/span>\n\t\t\t\t<span class='av-structured-data'  itemprop=\"publisher\" itemtype=\"https:\/\/schema.org\/Organization\" itemscope=\"itemscope\" >\n\t\t\t\t\t\t<span itemprop='name'>T Riman<\/span>\n\t\t\t\t\t\t<span itemprop='logo' itemscope itemtype='https:\/\/schema.org\/ImageObject'>\n\t\t\t\t\t\t\t<span itemprop='url'>https:\/\/montrealtips.com\/wp-content\/uploads\/2023\/11\/Screen-Shot-2021-06-02-at-9-1.webp<\/span>\n\t\t\t\t\t\t<\/span>\n\t\t\t\t<\/span><span class='av-structured-data'  itemprop=\"author\" itemscope=\"itemscope\" itemtype=\"https:\/\/schema.org\/Person\" ><span itemprop='name'>T Riman<\/span><\/span><span class='av-structured-data'  itemprop=\"datePublished\" datetime=\"2018-11-23T14:46:55-05:00\" >2026-04-05 13:20:19<\/span><span class='av-structured-data'  itemprop=\"dateModified\" itemtype=\"https:\/\/schema.org\/dateModified\" >2026-04-05 13:37:18<\/span><span class='av-structured-data'  itemprop=\"mainEntityOfPage\" itemtype=\"https:\/\/schema.org\/mainEntityOfPage\" ><span itemprop='name'>Les meilleurs magasins de chaussures \u00e0 Montr\u00e9al<\/span><\/span><\/span><\/article><article class='slide-entry flex_column  post-entry post-entry-8206 slide-entry-overview slide-loop-3 slide-parity-odd  post-entry-last  av_one_third  real-thumbnail posttype-post post-format-standard'  itemscope=\"itemscope\" itemtype=\"https:\/\/schema.org\/CreativeWork\" ><a href='https:\/\/montrealtips.com\/fr\/2026\/04\/05\/powering-canadas-industries-how-electracore-has-become-the-countrys-go-to-source-for-electric-motors\/' data-rel='slide-1' class='slide-image' title='L&#039;\u00e9nergie au service des industries canadiennes : comment ElectraCore est devenue la r\u00e9f\u00e9rence au Canada en mati\u00e8re de moteurs \u00e9lectriques'><img decoding=\"async\" fetchpriority=\"high\" width=\"495\" height=\"400\" src=\"https:\/\/montrealtips.com\/wp-content\/uploads\/2026\/04\/Gemini_Generated_Image_uad5jpuad5jpuad5-495x400.png\" class=\"wp-image-8209 avia-img-lazy-loading-not-8209 attachment-portfolio size-portfolio wp-post-image\" alt=\"\" srcset=\"https:\/\/montrealtips.com\/wp-content\/uploads\/2026\/04\/Gemini_Generated_Image_uad5jpuad5jpuad5-495x400.png 495w, https:\/\/montrealtips.com\/wp-content\/uploads\/2026\/04\/Gemini_Generated_Image_uad5jpuad5jpuad5-845x684.png 845w\" sizes=\"(max-width: 495px) 100vw, 495px\" \/><\/a><div class=\"slide-content\"><header class=\"entry-content-header\" aria-label=\"Slide: Powering Canada\u2019s Industries: How ElectraCore Has Become the Country\u2019s Go-To Source for Electric Motors\"><span class=\"blog-categories minor-meta\"><a href=\"https:\/\/montrealtips.com\/fr\/category\/feature\/\" rel=\"tag\">Fonctionnalit\u00e9<\/a> <\/span><h3 class='slide-entry-title entry-title'  itemprop=\"headline\" ><a href='https:\/\/montrealtips.com\/fr\/2026\/04\/05\/powering-canadas-industries-how-electracore-has-become-the-countrys-go-to-source-for-electric-motors\/' title='L&#039;\u00e9nergie au service des industries canadiennes : comment ElectraCore est devenue la r\u00e9f\u00e9rence au Canada en mati\u00e8re de moteurs \u00e9lectriques'>L&#039;\u00e9nergie au service des industries canadiennes : comment ElectraCore est devenue la r\u00e9f\u00e9rence au Canada en mati\u00e8re de moteurs \u00e9lectriques<\/a><\/h3><span class=\"av-vertical-delimiter\"><\/span><\/header><\/div><footer class=\"entry-footer\"><\/footer><span class='hidden'>\n\t\t\t\t<span class='av-structured-data'  itemprop=\"image\" itemscope=\"itemscope\" itemtype=\"https:\/\/schema.org\/ImageObject\" >\n\t\t\t\t\t\t<span itemprop='url'>https:\/\/montrealtips.com\/wp-content\/uploads\/2026\/04\/Gemini_Generated_Image_uad5jpuad5jpuad5-scaled.png<\/span>\n\t\t\t\t\t\t<span itemprop='height'>1396<\/span>\n\t\t\t\t\t\t<span itemprop='width'>2560<\/span>\n\t\t\t\t<\/span>\n\t\t\t\t<span class='av-structured-data'  itemprop=\"publisher\" itemtype=\"https:\/\/schema.org\/Organization\" itemscope=\"itemscope\" >\n\t\t\t\t\t\t<span itemprop='name'>T Riman<\/span>\n\t\t\t\t\t\t<span itemprop='logo' itemscope itemtype='https:\/\/schema.org\/ImageObject'>\n\t\t\t\t\t\t\t<span itemprop='url'>https:\/\/montrealtips.com\/wp-content\/uploads\/2023\/11\/Screen-Shot-2021-06-02-at-9-1.webp<\/span>\n\t\t\t\t\t\t<\/span>\n\t\t\t\t<\/span><span class='av-structured-data'  itemprop=\"author\" itemscope=\"itemscope\" itemtype=\"https:\/\/schema.org\/Person\" ><span itemprop='name'>T Riman<\/span><\/span><span class='av-structured-data'  itemprop=\"datePublished\" datetime=\"2018-11-23T14:46:55-05:00\" >2026-04-05 11:01:43<\/span><span class='av-structured-data'  itemprop=\"dateModified\" itemtype=\"https:\/\/schema.org\/dateModified\" >2026-04-06 08:15:38<\/span><span class='av-structured-data'  itemprop=\"mainEntityOfPage\" itemtype=\"https:\/\/schema.org\/mainEntityOfPage\" ><span itemprop='name'>L&#039;\u00e9nergie au service des industries canadiennes : comment ElectraCore est devenue la r\u00e9f\u00e9rence au Canada en mati\u00e8re de moteurs \u00e9lectriques<\/span><\/span><\/span><\/article><\/div><\/div><div class='pagination-wrap pagination-slider'><nav class='pagination'><span class='pagination-meta'>Page 1 of 183<\/span><span class='current'>1<\/span><a href='https:\/\/montrealtips.com\/fr\/wp-json\/wp\/v2\/pages\/5038\/?avia-element-paging=2' class='inactive next_page' >2<\/a><a href='https:\/\/montrealtips.com\/fr\/wp-json\/wp\/v2\/pages\/5038\/?avia-element-paging=3' class='inactive' >3<\/a><a href='https:\/\/montrealtips.com\/fr\/wp-json\/wp\/v2\/pages\/5038\/?avia-element-paging=2'>\u203a<\/a><a href='https:\/\/montrealtips.com\/fr\/wp-json\/wp\/v2\/pages\/5038\/?avia-element-paging=183'>\u00bb<\/a><\/nav>\n<\/div><\/div>","protected":false},"excerpt":{"rendered":"","protected":false},"author":1,"featured_media":0,"parent":0,"menu_order":0,"comment_status":"closed","ping_status":"closed","template":"","meta":{"footnotes":""},"class_list":["post-5038","page","type-page","status-publish","hentry"],"yoast_head":"<!-- This site is optimized with the Yoast SEO plugin v27.4 - https:\/\/yoast.com\/product\/yoast-seo-wordpress\/ -->\n<title>Tarek Riman | Founder || Speaker | Best Selling Author | University Instructor<\/title>\n<meta name=\"robots\" content=\"index, follow, max-snippet:-1, max-image-preview:large, max-video-preview:-1\" \/>\n<link rel=\"canonical\" href=\"https:\/\/montrealtips.com\/fr\/tarek-riman\/\" \/>\n<meta property=\"og:locale\" content=\"fr_CA\" \/>\n<meta property=\"og:type\" content=\"article\" \/>\n<meta property=\"og:title\" content=\"Tarek Riman | Founder || Speaker | Best Selling Author | University Instructor\" \/>\n<meta property=\"og:url\" content=\"https:\/\/montrealtips.com\/fr\/tarek-riman\/\" \/>\n<meta property=\"og:site_name\" content=\"Montreal Tips\" \/>\n<meta property=\"article:publisher\" content=\"https:\/\/www.facebook.com\/mtltips\/\" \/>\n<meta property=\"article:modified_time\" content=\"2022-06-14T13:55:26+00:00\" \/>\n<meta property=\"og:image\" content=\"https:\/\/montrealtips.com\/wp-content\/uploads\/2017\/04\/Downtown-Church-Photo-From-Mont-Royal.jpg\" \/>\n\t<meta property=\"og:image:width\" content=\"1869\" \/>\n\t<meta property=\"og:image:height\" content=\"1246\" \/>\n\t<meta property=\"og:image:type\" content=\"image\/jpeg\" \/>\n<meta name=\"twitter:card\" content=\"summary_large_image\" \/>\n<meta name=\"twitter:title\" content=\"Tarek Riman | Founder || Speaker | Best Selling Author | University Instructor\" \/>\n<meta name=\"twitter:site\" content=\"@mtltips\" \/>\n<meta name=\"twitter:label1\" content=\"Estimation du temps de lecture\" \/>\n\t<meta name=\"twitter:data1\" content=\"3 minutes\" \/>\n<script type=\"application\/ld+json\" class=\"yoast-schema-graph\">{\"@context\":\"https:\\\/\\\/schema.org\",\"@graph\":[{\"@type\":\"WebPage\",\"@id\":\"https:\\\/\\\/montrealtips.com\\\/tarek-riman\\\/\",\"url\":\"https:\\\/\\\/montrealtips.com\\\/tarek-riman\\\/\",\"name\":\"Tarek Riman | Founder || Speaker | Best Selling Author | University Instructor\",\"isPartOf\":{\"@id\":\"https:\\\/\\\/montrealtips.com\\\/#website\"},\"datePublished\":\"2018-11-23T19:46:55+00:00\",\"dateModified\":\"2022-06-14T13:55:26+00:00\",\"breadcrumb\":{\"@id\":\"https:\\\/\\\/montrealtips.com\\\/tarek-riman\\\/#breadcrumb\"},\"inLanguage\":\"fr-CA\",\"potentialAction\":[{\"@type\":\"ReadAction\",\"target\":[\"https:\\\/\\\/montrealtips.com\\\/tarek-riman\\\/\"]}]},{\"@type\":\"BreadcrumbList\",\"@id\":\"https:\\\/\\\/montrealtips.com\\\/tarek-riman\\\/#breadcrumb\",\"itemListElement\":[{\"@type\":\"ListItem\",\"position\":1,\"name\":\"Home\",\"item\":\"https:\\\/\\\/montrealtips.com\\\/\"},{\"@type\":\"ListItem\",\"position\":2,\"name\":\"Tarek Riman\"}]},{\"@type\":\"WebSite\",\"@id\":\"https:\\\/\\\/montrealtips.com\\\/#website\",\"url\":\"https:\\\/\\\/montrealtips.com\\\/\",\"name\":\"Montreal Tips\",\"description\":\"Montreal Updates, Features and Articles\",\"publisher\":{\"@id\":\"https:\\\/\\\/montrealtips.com\\\/#organization\"},\"potentialAction\":[{\"@type\":\"SearchAction\",\"target\":{\"@type\":\"EntryPoint\",\"urlTemplate\":\"https:\\\/\\\/montrealtips.com\\\/?s={search_term_string}\"},\"query-input\":{\"@type\":\"PropertyValueSpecification\",\"valueRequired\":true,\"valueName\":\"search_term_string\"}}],\"inLanguage\":\"fr-CA\"},{\"@type\":\"Organization\",\"@id\":\"https:\\\/\\\/montrealtips.com\\\/#organization\",\"name\":\"Montreal Tips\",\"url\":\"https:\\\/\\\/montrealtips.com\\\/\",\"logo\":{\"@type\":\"ImageObject\",\"inLanguage\":\"fr-CA\",\"@id\":\"https:\\\/\\\/montrealtips.com\\\/#\\\/schema\\\/logo\\\/image\\\/\",\"url\":\"https:\\\/\\\/montrealtips.com\\\/wp-content\\\/uploads\\\/2018\\\/08\\\/Untitled-2.jpg\",\"contentUrl\":\"https:\\\/\\\/montrealtips.com\\\/wp-content\\\/uploads\\\/2018\\\/08\\\/Untitled-2.jpg\",\"width\":1206,\"height\":1084,\"caption\":\"Montreal Tips\"},\"image\":{\"@id\":\"https:\\\/\\\/montrealtips.com\\\/#\\\/schema\\\/logo\\\/image\\\/\"},\"sameAs\":[\"https:\\\/\\\/www.facebook.com\\\/mtltips\\\/\",\"https:\\\/\\\/x.com\\\/mtltips\",\"https:\\\/\\\/www.instagram.com\\\/mtltips\\\/\",\"https:\\\/\\\/www.linkedin.com\\\/company\\\/montreal-tips\\\/\",\"https:\\\/\\\/www.pinterest.ca\\\/mtltips\\\/\"]}]}<\/script>\n<!-- \/ Yoast SEO plugin. -->","yoast_head_json":{"title":"Tarek Riman | Founder || Speaker | Best Selling Author | University Instructor","robots":{"index":"index","follow":"follow","max-snippet":"max-snippet:-1","max-image-preview":"max-image-preview:large","max-video-preview":"max-video-preview:-1"},"canonical":"https:\/\/montrealtips.com\/fr\/tarek-riman\/","og_locale":"fr_CA","og_type":"article","og_title":"Tarek Riman | Founder || Speaker | Best Selling Author | University Instructor","og_url":"https:\/\/montrealtips.com\/fr\/tarek-riman\/","og_site_name":"Montreal Tips","article_publisher":"https:\/\/www.facebook.com\/mtltips\/","article_modified_time":"2022-06-14T13:55:26+00:00","og_image":[{"width":1869,"height":1246,"url":"https:\/\/montrealtips.com\/wp-content\/uploads\/2017\/04\/Downtown-Church-Photo-From-Mont-Royal.jpg","type":"image\/jpeg"}],"twitter_card":"summary_large_image","twitter_title":"Tarek Riman | Founder || Speaker | Best Selling Author | University Instructor","twitter_site":"@mtltips","twitter_misc":{"Estimation du temps de lecture":"3 minutes"},"schema":{"@context":"https:\/\/schema.org","@graph":[{"@type":"WebPage","@id":"https:\/\/montrealtips.com\/tarek-riman\/","url":"https:\/\/montrealtips.com\/tarek-riman\/","name":"Tarek Riman | Founder || Speaker | Best Selling Author | University Instructor","isPartOf":{"@id":"https:\/\/montrealtips.com\/#website"},"datePublished":"2018-11-23T19:46:55+00:00","dateModified":"2022-06-14T13:55:26+00:00","breadcrumb":{"@id":"https:\/\/montrealtips.com\/tarek-riman\/#breadcrumb"},"inLanguage":"fr-CA","potentialAction":[{"@type":"ReadAction","target":["https:\/\/montrealtips.com\/tarek-riman\/"]}]},{"@type":"BreadcrumbList","@id":"https:\/\/montrealtips.com\/tarek-riman\/#breadcrumb","itemListElement":[{"@type":"ListItem","position":1,"name":"Home","item":"https:\/\/montrealtips.com\/"},{"@type":"ListItem","position":2,"name":"Tarek Riman"}]},{"@type":"WebSite","@id":"https:\/\/montrealtips.com\/#website","url":"https:\/\/montrealtips.com\/","name":"Conseils pour Montr\u00e9al","description":"Actualit\u00e9s, reportages et articles sur Montr\u00e9al","publisher":{"@id":"https:\/\/montrealtips.com\/#organization"},"potentialAction":[{"@type":"SearchAction","target":{"@type":"EntryPoint","urlTemplate":"https:\/\/montrealtips.com\/?s={search_term_string}"},"query-input":{"@type":"PropertyValueSpecification","valueRequired":true,"valueName":"search_term_string"}}],"inLanguage":"fr-CA"},{"@type":"Organization","@id":"https:\/\/montrealtips.com\/#organization","name":"Conseils pour Montr\u00e9al","url":"https:\/\/montrealtips.com\/","logo":{"@type":"ImageObject","inLanguage":"fr-CA","@id":"https:\/\/montrealtips.com\/#\/schema\/logo\/image\/","url":"https:\/\/montrealtips.com\/wp-content\/uploads\/2018\/08\/Untitled-2.jpg","contentUrl":"https:\/\/montrealtips.com\/wp-content\/uploads\/2018\/08\/Untitled-2.jpg","width":1206,"height":1084,"caption":"Montreal Tips"},"image":{"@id":"https:\/\/montrealtips.com\/#\/schema\/logo\/image\/"},"sameAs":["https:\/\/www.facebook.com\/mtltips\/","https:\/\/x.com\/mtltips","https:\/\/www.instagram.com\/mtltips\/","https:\/\/www.linkedin.com\/company\/montreal-tips\/","https:\/\/www.pinterest.ca\/mtltips\/"]}]}},"_links":{"self":[{"href":"https:\/\/montrealtips.com\/fr\/wp-json\/wp\/v2\/pages\/5038","targetHints":{"allow":["GET"]}}],"collection":[{"href":"https:\/\/montrealtips.com\/fr\/wp-json\/wp\/v2\/pages"}],"about":[{"href":"https:\/\/montrealtips.com\/fr\/wp-json\/wp\/v2\/types\/page"}],"author":[{"embeddable":true,"href":"https:\/\/montrealtips.com\/fr\/wp-json\/wp\/v2\/users\/1"}],"replies":[{"embeddable":true,"href":"https:\/\/montrealtips.com\/fr\/wp-json\/wp\/v2\/comments?post=5038"}],"version-history":[{"count":0,"href":"https:\/\/montrealtips.com\/fr\/wp-json\/wp\/v2\/pages\/5038\/revisions"}],"wp:attachment":[{"href":"https:\/\/montrealtips.com\/fr\/wp-json\/wp\/v2\/media?parent=5038"}],"curies":[{"name":"wp","href":"https:\/\/api.w.org\/{rel}","templated":true}]}}