{"id":5065,"date":"2018-11-27T08:32:42","date_gmt":"2018-11-27T13:32:42","guid":{"rendered":"https:\/\/montrealtips.com\/?page_id=5065"},"modified":"2018-11-27T08:34:36","modified_gmt":"2018-11-27T13:34:36","slug":"melissa-dawn","status":"publish","type":"page","link":"https:\/\/montrealtips.com\/fr\/melissa-dawn\/","title":{"rendered":"Melissa Dawn"},"content":{"rendered":"<style type=\"text\/css\" data-created_by=\"avia_inline_auto\" id=\"style-css-av-ybymm-ba3bd1510c1631739de7ab3830229f5e\">\n.flex_column.av-ybymm-ba3bd1510c1631739de7ab3830229f5e{\nborder-radius:0px 0px 0px 0px;\npadding:0px 0px 0px 0px;\n}\n<\/style>\n<div  class='flex_column av-ybymm-ba3bd1510c1631739de7ab3830229f5e av_one_third  avia-builder-el-0  el_before_av_two_third  avia-builder-el-first  first flex_column_div av-zero-column-padding'     ><section  class='avia-team-member av-joufqgp9-b77332a5af3212dcc94ca3aa5cff5e38  avia-builder-el-1  avia-builder-el-no-sibling'  itemscope=\"itemscope\" itemtype=\"https:\/\/schema.org\/Person\" ><div class=\"team-img-container\"><img decoding=\"async\" fetchpriority=\"high\" class='wp-image-5064 avia-img-lazy-loading-not-5064 avia_image avia_image_team' src=\"https:\/\/montrealtips.com\/wp-content\/uploads\/2018\/11\/0-1-300x300.jpg\" alt='Melissa Dawn'  itemprop=\"image\"   height=\"300\" width=\"300\" srcset=\"https:\/\/montrealtips.com\/wp-content\/uploads\/2018\/11\/0-1-300x300.jpg 300w, https:\/\/montrealtips.com\/wp-content\/uploads\/2018\/11\/0-1-80x80.jpg 80w, https:\/\/montrealtips.com\/wp-content\/uploads\/2018\/11\/0-1-36x36.jpg 36w, https:\/\/montrealtips.com\/wp-content\/uploads\/2018\/11\/0-1-180x180.jpg 180w, https:\/\/montrealtips.com\/wp-content\/uploads\/2018\/11\/0-1-120x120.jpg 120w, https:\/\/montrealtips.com\/wp-content\/uploads\/2018\/11\/0-1-450x450.jpg 450w, https:\/\/montrealtips.com\/wp-content\/uploads\/2018\/11\/0-1.jpg 500w\" sizes=\"(max-width: 300px) 100vw, 300px\" \/><div class=\"team-social\"><div class=\"team-social-inner\"><span class='hidden av_member_url_markup linkedin'  itemprop=\"url\" >https:\/\/www.linkedin.com\/in\/melissadawnp\/<\/span><a href='https:\/\/www.linkedin.com\/in\/melissadawnp\/' class='avia-team-icon av-62o6yb-615da2f743c687c9ca983e2d03786aca linkedin avia-iconfont avia-font-entypo-fontello' rel='v:url' data-avia-tooltip=\"LinkedIn\"  data-av_icon='\ue8fc' data-av_iconfont='entypo-fontello' ><\/a><span class='hidden av_member_url_markup twitter'  itemprop=\"url\" >https:\/\/twitter.com\/CEOofYourLife<\/span><a href='https:\/\/twitter.com\/CEOofYourLife' class='avia-team-icon av-3xwrxf-2474e5d4c10a61d509cc000a54284d12 twitter avia-iconfont avia-font-entypo-fontello' rel='v:url' data-avia-tooltip=\"Twitter\"  data-av_icon='\ue8f1' data-av_iconfont='entypo-fontello' ><\/a><span class='hidden av_member_url_markup facebook'  itemprop=\"url\" >https:\/\/www.facebook.com\/joyfulcareer\/?eid=ARBBJ7-TZICX27rt4JGB9-_XLr3LDCnWgTCPWZLMUHU8pa3Ku1Gv2O1kxz8yGVWD9s7FxGTKdd6d7dc8&#038;timeline_context_item_type=intro_card_work&#038;timeline_context_item_source=654925519&#038;fref=tag<\/span><a href='https:\/\/www.facebook.com\/joyfulcareer\/?eid=ARBBJ7-TZICX27rt4JGB9-_XLr3LDCnWgTCPWZLMUHU8pa3Ku1Gv2O1kxz8yGVWD9s7FxGTKdd6d7dc8&#038;timeline_context_item_type=intro_card_work&#038;timeline_context_item_source=654925519&#038;fref=tag' class='avia-team-icon av-247dlv-41d2e810a3989953acca909b8747396b facebook avia-iconfont avia-font-entypo-fontello' rel='v:url' data-avia-tooltip=\"Facebook\"  data-av_icon='\ue8f3' data-av_iconfont='entypo-fontello' ><\/a><\/div><\/div><\/div><h3 class='team-member-name'  itemprop=\"name\" >Melissa Dawn<\/h3><div class='team-member-job-title'  itemprop=\"jobTitle\" >Passez de votre situation actuelle \u00e0 celle que vous souhaitez | Coach en entreprise et en leadership | Auteur \u00e0 succ\u00e8s | Conf\u00e9rencier<\/div><span class='hidden team-member-affiliation'  itemprop=\"affiliation\" >Conseils pour Montr\u00e9al<\/span><\/section><\/div>\n\n<style type=\"text\/css\" data-created_by=\"avia_inline_auto\" id=\"style-css-av-17gbgz-14e7ae16d7f75de4ef5d8311a53ef678\">\n.flex_column.av-17gbgz-14e7ae16d7f75de4ef5d8311a53ef678{\nborder-radius:0px 0px 0px 0px;\npadding:0px 0px 0px 0px;\n}\n<\/style>\n<div  class='flex_column av-17gbgz-14e7ae16d7f75de4ef5d8311a53ef678 av_two_third  avia-builder-el-2  el_after_av_one_third  el_before_av_hr  flex_column_div av-zero-column-padding'     ><article  class='iconbox iconbox_left av-jopu2u9t-38f550730e6da109e6e495bc6ad2fb6e  avia-builder-el-3  el_before_av_textblock  avia-builder-el-first'  itemscope=\"itemscope\" itemtype=\"https:\/\/schema.org\/CreativeWork\" ><div class=\"iconbox_content\"><header class=\"entry-content-header\" aria-label=\"Ic\u00f4ne : Melissa Dawn\"><div class='iconbox_icon heading-color avia-iconfont avia-font-entypo-fontello' data-av_icon='\ue80a' data-av_iconfont='entypo-fontello'  ><\/div><h3 class='iconbox_content_title'  itemprop=\"headline\" >Melissa Dawn<\/h3><\/header><div class='iconbox_content_container'  itemprop=\"text\" ><h3>Passez de votre situation actuelle \u00e0 celle que vous souhaitez | Coach en entreprise et en leadership | Auteur \u00e0 succ\u00e8s | Conf\u00e9rencier<\/h3>\n<p>Je suis la fondatrice et PDG de Your Life, une organisation qui aide les particuliers et les entreprises \u00e0 clarifier leur situation actuelle, leurs objectifs et les actions n\u00e9cessaires pour les atteindre.<\/p>\n<p>Conf\u00e9renci\u00e8re en d\u00e9veloppement personnel, coach en entreprise et en leadership, auteure \u00e0 succ\u00e8s et ancienne vice-pr\u00e9sidente, je con\u00e7ois et anime des ateliers et des programmes de coaching pour aider les individus et les entreprises \u00e0 se transformer en profondeur en puisant dans leur v\u00e9rit\u00e9 fondamentale, leurs forces et leur leadership. J&#039;offre aux dirigeants, aux managers et aux employ\u00e9s les outils et les structures n\u00e9cessaires pour tracer leur propre voie \u2013 une voie qui trouve l&#039;\u00e9quilibre entre ce qui leur convient et ce qui est en ad\u00e9quation avec la vision et la culture de l&#039;organisation. Il s&#039;agit de renforcer votre entreprise en renfor\u00e7ant les personnes qui la composent.<\/p>\n<p>As an author, I am a contributor to Thrive Global, The Huffington Post and Entrepreneur. My book, I Attract What I Am \u2013 Transforming Failure Into An Orgasmically Joyful Life &amp; Business, achieved Amazon international bestseller status in July 2017.<\/p>\n<p>Je sais, par exp\u00e9rience, ce qu&#039;il faut pour sortir de sa zone de confort et se d\u00e9tacher du statu quo. Je connais aussi la joie de tracer son propre chemin et de concr\u00e9tiser sa vision du succ\u00e8s. Que vous souhaitiez vous transformer vous-m\u00eame, transformer votre leadership ou transformer votre organisation tout enti\u00e8re, tout commence par une transformation int\u00e9rieure.<\/p>\n<p>Je travaille avec des personnes et des entreprises qui cherchent \u00e0\u00a0:<\/p>\n<p>\u2013 Clarifier qui ils sont, ce qu\u2019ils veulent accomplir et comment y parvenir.<\/p>\n<p>\u2013 Donner \u00e0 chacun les moyens de r\u00e9v\u00e9ler son potentiel de leader naturel et renforcer sa confiance en soi afin qu&#039;il puisse l&#039;exprimer dans tout ce qu&#039;il entreprend.<\/p>\n<p>\u2013 Cr\u00e9er des cultures de coaching qui favorisent la croissance continue et l\u2019engagement des employ\u00e9s \u00e0 tous les niveaux.<\/p>\n<p>Contactez-moi et faites le premier pas vers l\u00e0 o\u00f9 vous voulez \u00eatre.<\/p>\n<p>Contactez-moi \u00e0 joyful@melissadawn.ca<br \/>\nVisitez https:\/\/CEOofYour.Life<\/p>\n<p>Sp\u00e9cialit\u00e9s :<br \/>\n\u2013 Discours de motivation<br \/>\n\u2013 Coaching en leadership<br \/>\n\u2013 Coaching de dirigeants<br \/>\n\u2013 Coaching d&#039;entreprise<br \/>\n\u2013 Engagement des employ\u00e9s<br \/>\n\u2013 Renforcement d&#039;\u00e9quipe<br \/>\n\u2013 Gestion du personnel<br \/>\n\u2013 Entrepreneuriat<\/p>\n<\/div><\/div><footer class=\"entry-footer\"><\/footer><\/article><br \/>\n<section  class='av_textblock_section av-jouf8dk0-872858f09d578f84bdbd93b107826912'   itemscope=\"itemscope\" itemtype=\"https:\/\/schema.org\/CreativeWork\" ><div class='avia_textblock'  itemprop=\"text\" ><p>Melissa sur <a href=\"https:\/\/www.facebook.com\/joyfulcareer\/?eid=ARBBJ7-TZICX27rt4JGB9-_XLr3LDCnWgTCPWZLMUHU8pa3Ku1Gv2O1kxz8yGVWD9s7FxGTKdd6d7dc8&amp;timeline_context_item_type=intro_card_work&amp;timeline_context_item_source=654925519&amp;fref=tag\">Facebook<\/a> | <a href=\"https:\/\/www.linkedin.com\/in\/melissadawnp\/\">LinkedIn<\/a> | <a href=\"https:\/\/twitter.com\/CEOofYourLife\">Gazouillement<\/a><\/p>\n<p>Lire la suite sur <a href=\"https:\/\/montrealtips.com\/fr\/melissa-dawn\/\">M\u00e9lisse<\/a><\/p>\n<\/div><\/section><\/p><\/div>\n<div  class='hr av-3nqh7t-26bc4cc6725aecb23be3b70c37a54fd2 hr-default  avia-builder-el-5  el_after_av_two_third  el_before_av_blog'><span class='hr-inner'><span class=\"hr-inner-style\"><\/span><\/span><\/div>\n<div  class='av-alb-blogposts template-blog  av-blog-meta-comments-disabled'  itemscope=\"itemscope\" itemtype=\"https:\/\/schema.org\/Blog\" ><article class=\"post-entry post-entry-type-standard post-entry-5043 post-loop-1 post-parity-odd post-entry-last single-big with-slider post-5043 post type-post status-publish format-standard has-post-thumbnail hentry category-food tag-business tag-healthy-food tag-melissa tag-organic tag-sustainable\"  itemscope=\"itemscope\" itemtype=\"https:\/\/schema.org\/BlogPosting\" ><div class=\"blog-meta\"><\/div><div class='entry-content-wrapper clearfix standard-content'><header class=\"entry-content-header\" aria-label=\"Post: \u00c9piceries Loco | Zero Waste Grocery Shopping in Montreal\"><div class=\"av-heading-wrapper\"><span class=\"blog-categories minor-meta\"><a href=\"https:\/\/montrealtips.com\/fr\/category\/feature\/food\/\" rel=\"tag\">Nourriture<\/a><\/span><h2 class='post-title entry-title'  itemprop=\"headline\" ><a href=\"https:\/\/montrealtips.com\/fr\/2018\/11\/24\/epiceries-loco-zero-waste-grocery-shopping-in-montreal\/\" rel=\"bookmark\" title=\"Permanent Link: \u00c9piceries Loco | Zero Waste Grocery Shopping in Montreal\">\u00c9piceries Loco | \u00c9picerie z\u00e9ro d\u00e9chet \u00e0 Montr\u00e9al<span class=\"post-format-icon minor-meta\"><\/span><\/a><\/h2><\/div><\/header><span class=\"av-vertical-delimiter\"><\/span><div class=\"big-preview single-big\"  itemprop=\"image\" itemscope=\"itemscope\" itemtype=\"https:\/\/schema.org\/ImageObject\" ><a href=\"https:\/\/montrealtips.com\/fr\/2018\/11\/24\/epiceries-loco-zero-waste-grocery-shopping-in-montreal\/\"  title=\"LOCOMOTIVE\" ><img decoding=\"async\" loading=\"lazy\" width=\"845\" height=\"321\" src=\"https:\/\/montrealtips.com\/wp-content\/uploads\/2018\/11\/LOCO-845x321.jpg\" class=\"wp-image-5061 avia-img-lazy-loading-5061 attachment-entry_with_sidebar size-entry_with_sidebar wp-post-image\" alt=\"\u00c9picerie LOCO Brossard\" \/><\/a><\/div><div class=\"entry-content\"  itemprop=\"text\" ><div class=\"read-more-link\"><a href=\"https:\/\/montrealtips.com\/fr\/2018\/11\/24\/epiceries-loco-zero-waste-grocery-shopping-in-montreal\/\" class=\"more-link\">Read more<span class='more-link-arrow avia-svg-icon avia-font-svg_entypo-fontello' data-av_svg_icon='right-open-big' data-av_iconset='svg_entypo-fontello'><svg version=\"1.1\" xmlns=\"http:\/\/www.w3.org\/2000\/svg\" width=\"15\" height=\"32\" viewbox=\"0 0 15 32\" preserveaspectratio=\"xMidYMid meet\" role=\"graphics-symbol\" aria-hidden=\"true\">\n<path d=\"M0.416 27.84l11.456-11.84-11.456-11.904q-0.832-0.832 0-1.536 0.832-0.832 1.536 0l12.544 12.608q0.768 0.832 0 1.6l-12.544 12.608q-0.704 0.832-1.536 0-0.832-0.704 0-1.536z\"><\/path>\n<\/svg><\/span><\/a><\/div>\n<\/div><span class=\"post-meta-infos\"><time class=\"date-container minor-meta updated\"  itemprop=\"datePublished\" datetime=\"2018-11-24T22:48:47-05:00\" >24 novembre 2018<\/time><span class=\"text-sep\">\/<\/span><span class=\"blog-author minor-meta\">par <span class=\"entry-author-link\"  itemprop=\"author\" ><span class=\"author\"><span class=\"fn\"><a href=\"https:\/\/montrealtips.com\/fr\/author\/tarekriman\/\" title=\"Articles par T Riman\" rel=\"author\">T Riman<\/a><\/span><\/span><\/span><\/span><\/span><footer class=\"entry-footer\"><\/footer><div class='post_delimiter'><\/div><\/div><div class=\"post_author_timeline\"><\/div><span class='hidden'>\n\t\t\t\t<span class='av-structured-data'  itemprop=\"image\" itemscope=\"itemscope\" itemtype=\"https:\/\/schema.org\/ImageObject\" >\n\t\t\t\t\t\t<span itemprop='url'>https:\/\/montrealtips.com\/wp-content\/uploads\/2018\/11\/LOCO.jpg<\/span>\n\t\t\t\t\t\t<span itemprop='height'>617<\/span>\n\t\t\t\t\t\t<span itemprop='width'>1500<\/span>\n\t\t\t\t<\/span>\n\t\t\t\t<span class='av-structured-data'  itemprop=\"publisher\" itemtype=\"https:\/\/schema.org\/Organization\" itemscope=\"itemscope\" >\n\t\t\t\t\t\t<span itemprop='name'>T Riman<\/span>\n\t\t\t\t\t\t<span itemprop='logo' itemscope itemtype='https:\/\/schema.org\/ImageObject'>\n\t\t\t\t\t\t\t<span itemprop='url'>https:\/\/montrealtips.com\/wp-content\/uploads\/2023\/11\/Screen-Shot-2021-06-02-at-9-1.webp<\/span>\n\t\t\t\t\t\t<\/span>\n\t\t\t\t<\/span><span class='av-structured-data'  itemprop=\"author\" itemscope=\"itemscope\" itemtype=\"https:\/\/schema.org\/Person\" ><span itemprop='name'>T Riman<\/span><\/span><span class='av-structured-data'  itemprop=\"datePublished\" datetime=\"2018-11-24T22:48:47-05:00\" >2018-11-24 22:48:47<\/span><span class='av-structured-data'  itemprop=\"dateModified\" itemtype=\"https:\/\/schema.org\/dateModified\" >2021-12-21 15:53:36<\/span><span class='av-structured-data'  itemprop=\"mainEntityOfPage\" itemtype=\"https:\/\/schema.org\/mainEntityOfPage\" ><span itemprop='name'>\u00c9piceries Loco | \u00c9picerie z\u00e9ro d\u00e9chet \u00e0 Montr\u00e9al<\/span><\/span><\/span><\/article><div class='single-big'><\/div><\/div>","protected":false},"excerpt":{"rendered":"","protected":false},"author":1,"featured_media":0,"parent":0,"menu_order":0,"comment_status":"closed","ping_status":"closed","template":"","meta":{"footnotes":""},"class_list":["post-5065","page","type-page","status-publish","hentry"],"yoast_head":"<!-- This site is optimized with the Yoast SEO plugin v27.5 - https:\/\/yoast.com\/product\/yoast-seo-wordpress\/ -->\n<title>Melissa Dawn - Montreal Tips<\/title>\n<meta name=\"robots\" content=\"index, follow, max-snippet:-1, max-image-preview:large, max-video-preview:-1\" \/>\n<link rel=\"canonical\" href=\"https:\/\/montrealtips.com\/fr\/melissa-dawn\/\" \/>\n<meta property=\"og:locale\" content=\"fr_CA\" \/>\n<meta property=\"og:type\" content=\"article\" \/>\n<meta property=\"og:title\" content=\"Melissa Dawn - Montreal Tips\" \/>\n<meta property=\"og:url\" content=\"https:\/\/montrealtips.com\/fr\/melissa-dawn\/\" \/>\n<meta property=\"og:site_name\" content=\"Montreal Tips\" \/>\n<meta property=\"article:publisher\" content=\"https:\/\/www.facebook.com\/mtltips\/\" \/>\n<meta property=\"article:modified_time\" content=\"2018-11-27T13:34:36+00:00\" \/>\n<meta property=\"og:image\" content=\"https:\/\/montrealtips.com\/wp-content\/uploads\/2017\/04\/Downtown-Church-Photo-From-Mont-Royal.jpg\" \/>\n\t<meta property=\"og:image:width\" content=\"1869\" \/>\n\t<meta property=\"og:image:height\" content=\"1246\" \/>\n\t<meta property=\"og:image:type\" content=\"image\/jpeg\" \/>\n<meta name=\"twitter:card\" content=\"summary_large_image\" \/>\n<meta name=\"twitter:site\" content=\"@mtltips\" \/>\n<meta name=\"twitter:label1\" content=\"Estimation du temps de lecture\" \/>\n\t<meta name=\"twitter:data1\" content=\"5 minutes\" \/>\n<script type=\"application\/ld+json\" class=\"yoast-schema-graph\">{\"@context\":\"https:\\\/\\\/schema.org\",\"@graph\":[{\"@type\":\"WebPage\",\"@id\":\"https:\\\/\\\/montrealtips.com\\\/melissa-dawn\\\/\",\"url\":\"https:\\\/\\\/montrealtips.com\\\/melissa-dawn\\\/\",\"name\":\"Melissa Dawn - Montreal Tips\",\"isPartOf\":{\"@id\":\"https:\\\/\\\/montrealtips.com\\\/#website\"},\"datePublished\":\"2018-11-27T13:32:42+00:00\",\"dateModified\":\"2018-11-27T13:34:36+00:00\",\"breadcrumb\":{\"@id\":\"https:\\\/\\\/montrealtips.com\\\/melissa-dawn\\\/#breadcrumb\"},\"inLanguage\":\"fr-CA\",\"potentialAction\":[{\"@type\":\"ReadAction\",\"target\":[\"https:\\\/\\\/montrealtips.com\\\/melissa-dawn\\\/\"]}]},{\"@type\":\"BreadcrumbList\",\"@id\":\"https:\\\/\\\/montrealtips.com\\\/melissa-dawn\\\/#breadcrumb\",\"itemListElement\":[{\"@type\":\"ListItem\",\"position\":1,\"name\":\"Home\",\"item\":\"https:\\\/\\\/montrealtips.com\\\/\"},{\"@type\":\"ListItem\",\"position\":2,\"name\":\"Melissa Dawn\"}]},{\"@type\":\"WebSite\",\"@id\":\"https:\\\/\\\/montrealtips.com\\\/#website\",\"url\":\"https:\\\/\\\/montrealtips.com\\\/\",\"name\":\"Montreal Tips\",\"description\":\"Montreal Updates, Features and Articles\",\"publisher\":{\"@id\":\"https:\\\/\\\/montrealtips.com\\\/#organization\"},\"potentialAction\":[{\"@type\":\"SearchAction\",\"target\":{\"@type\":\"EntryPoint\",\"urlTemplate\":\"https:\\\/\\\/montrealtips.com\\\/?s={search_term_string}\"},\"query-input\":{\"@type\":\"PropertyValueSpecification\",\"valueRequired\":true,\"valueName\":\"search_term_string\"}}],\"inLanguage\":\"fr-CA\"},{\"@type\":\"Organization\",\"@id\":\"https:\\\/\\\/montrealtips.com\\\/#organization\",\"name\":\"Montreal Tips\",\"url\":\"https:\\\/\\\/montrealtips.com\\\/\",\"logo\":{\"@type\":\"ImageObject\",\"inLanguage\":\"fr-CA\",\"@id\":\"https:\\\/\\\/montrealtips.com\\\/#\\\/schema\\\/logo\\\/image\\\/\",\"url\":\"https:\\\/\\\/montrealtips.com\\\/wp-content\\\/uploads\\\/2018\\\/08\\\/Untitled-2.jpg\",\"contentUrl\":\"https:\\\/\\\/montrealtips.com\\\/wp-content\\\/uploads\\\/2018\\\/08\\\/Untitled-2.jpg\",\"width\":1206,\"height\":1084,\"caption\":\"Montreal Tips\"},\"image\":{\"@id\":\"https:\\\/\\\/montrealtips.com\\\/#\\\/schema\\\/logo\\\/image\\\/\"},\"sameAs\":[\"https:\\\/\\\/www.facebook.com\\\/mtltips\\\/\",\"https:\\\/\\\/x.com\\\/mtltips\",\"https:\\\/\\\/www.instagram.com\\\/mtltips\\\/\",\"https:\\\/\\\/www.linkedin.com\\\/company\\\/montreal-tips\\\/\",\"https:\\\/\\\/www.pinterest.ca\\\/mtltips\\\/\"]}]}<\/script>\n<!-- \/ Yoast SEO plugin. -->","yoast_head_json":{"title":"Melissa Dawn - Montreal Tips","robots":{"index":"index","follow":"follow","max-snippet":"max-snippet:-1","max-image-preview":"max-image-preview:large","max-video-preview":"max-video-preview:-1"},"canonical":"https:\/\/montrealtips.com\/fr\/melissa-dawn\/","og_locale":"fr_CA","og_type":"article","og_title":"Melissa Dawn - Montreal Tips","og_url":"https:\/\/montrealtips.com\/fr\/melissa-dawn\/","og_site_name":"Montreal Tips","article_publisher":"https:\/\/www.facebook.com\/mtltips\/","article_modified_time":"2018-11-27T13:34:36+00:00","og_image":[{"width":1869,"height":1246,"url":"https:\/\/montrealtips.com\/wp-content\/uploads\/2017\/04\/Downtown-Church-Photo-From-Mont-Royal.jpg","type":"image\/jpeg"}],"twitter_card":"summary_large_image","twitter_site":"@mtltips","twitter_misc":{"Estimation du temps de lecture":"5 minutes"},"schema":{"@context":"https:\/\/schema.org","@graph":[{"@type":"WebPage","@id":"https:\/\/montrealtips.com\/melissa-dawn\/","url":"https:\/\/montrealtips.com\/melissa-dawn\/","name":"Melissa Dawn - Montreal Tips","isPartOf":{"@id":"https:\/\/montrealtips.com\/#website"},"datePublished":"2018-11-27T13:32:42+00:00","dateModified":"2018-11-27T13:34:36+00:00","breadcrumb":{"@id":"https:\/\/montrealtips.com\/melissa-dawn\/#breadcrumb"},"inLanguage":"fr-CA","potentialAction":[{"@type":"ReadAction","target":["https:\/\/montrealtips.com\/melissa-dawn\/"]}]},{"@type":"BreadcrumbList","@id":"https:\/\/montrealtips.com\/melissa-dawn\/#breadcrumb","itemListElement":[{"@type":"ListItem","position":1,"name":"Home","item":"https:\/\/montrealtips.com\/"},{"@type":"ListItem","position":2,"name":"Melissa Dawn"}]},{"@type":"WebSite","@id":"https:\/\/montrealtips.com\/#website","url":"https:\/\/montrealtips.com\/","name":"Conseils pour Montr\u00e9al","description":"Actualit\u00e9s, reportages et articles sur Montr\u00e9al","publisher":{"@id":"https:\/\/montrealtips.com\/#organization"},"potentialAction":[{"@type":"SearchAction","target":{"@type":"EntryPoint","urlTemplate":"https:\/\/montrealtips.com\/?s={search_term_string}"},"query-input":{"@type":"PropertyValueSpecification","valueRequired":true,"valueName":"search_term_string"}}],"inLanguage":"fr-CA"},{"@type":"Organization","@id":"https:\/\/montrealtips.com\/#organization","name":"Conseils pour Montr\u00e9al","url":"https:\/\/montrealtips.com\/","logo":{"@type":"ImageObject","inLanguage":"fr-CA","@id":"https:\/\/montrealtips.com\/#\/schema\/logo\/image\/","url":"https:\/\/montrealtips.com\/wp-content\/uploads\/2018\/08\/Untitled-2.jpg","contentUrl":"https:\/\/montrealtips.com\/wp-content\/uploads\/2018\/08\/Untitled-2.jpg","width":1206,"height":1084,"caption":"Montreal Tips"},"image":{"@id":"https:\/\/montrealtips.com\/#\/schema\/logo\/image\/"},"sameAs":["https:\/\/www.facebook.com\/mtltips\/","https:\/\/x.com\/mtltips","https:\/\/www.instagram.com\/mtltips\/","https:\/\/www.linkedin.com\/company\/montreal-tips\/","https:\/\/www.pinterest.ca\/mtltips\/"]}]}},"_links":{"self":[{"href":"https:\/\/montrealtips.com\/fr\/wp-json\/wp\/v2\/pages\/5065","targetHints":{"allow":["GET"]}}],"collection":[{"href":"https:\/\/montrealtips.com\/fr\/wp-json\/wp\/v2\/pages"}],"about":[{"href":"https:\/\/montrealtips.com\/fr\/wp-json\/wp\/v2\/types\/page"}],"author":[{"embeddable":true,"href":"https:\/\/montrealtips.com\/fr\/wp-json\/wp\/v2\/users\/1"}],"replies":[{"embeddable":true,"href":"https:\/\/montrealtips.com\/fr\/wp-json\/wp\/v2\/comments?post=5065"}],"version-history":[{"count":0,"href":"https:\/\/montrealtips.com\/fr\/wp-json\/wp\/v2\/pages\/5065\/revisions"}],"wp:attachment":[{"href":"https:\/\/montrealtips.com\/fr\/wp-json\/wp\/v2\/media?parent=5065"}],"curies":[{"name":"wp","href":"https:\/\/api.w.org\/{rel}","templated":true}]}}