{"id":9159,"date":"2026-05-15T13:36:08","date_gmt":"2026-05-15T17:36:08","guid":{"rendered":"https:\/\/montrealtips.com\/time-zone-converter\/"},"modified":"2026-05-15T14:59:29","modified_gmt":"2026-05-15T18:59:29","slug":"time-zone-converter","status":"publish","type":"page","link":"https:\/\/montrealtips.com\/fr\/time-zone-converter\/","title":{"rendered":"World Time Zone Converter (Montreal Base)"},"content":{"rendered":"\n<div class=\"mtl-tldr\" style=\"font-family:-apple-system,BlinkMacSystemFont,sans-serif;max-width:760px;margin:24px auto 0;padding:18px 22px;background:#eff6ff;border:1px solid #bfdbfe;border-left:5px solid #2563eb;border-radius:12px;color:#0b1f3a\"><strong style=\"font-size:14px;text-transform:uppercase;letter-spacing:0.5px;color:#2563eb\">Quick answer<\/strong><h2 style=\"margin:6px 0 8px;font-size:20px;color:#0b1f3a\">What time is it around the world from Montreal?<\/h2><p style=\"margin:0;color:#1e293b;font-size:15px;line-height:1.55\">Enter a Montreal Eastern Time \u2014 get equivalents in 17 major world cities. Auto-adjusts for daylight saving.<\/p><\/div>\n\n\n\n<div class=\"mtl-tool\" style=\"font-family:-apple-system,BlinkMacSystemFont,sans-serif;max-width:760px;margin:24px auto;line-height:1.55\"><div style=\"background:#f7f9fc;border:1px solid #e3e8ef;border-radius:14px;padding:24px\"><h2 style=\"margin:0 0 6px;font-size:22px;color:#0b1f3a\">&#x1f30d; Time Zone Converter<\/h2><p style=\"margin:0 0 18px;color:#475569;font-size:14px\">Enter a Montreal time \u2014 see what it is worldwide.<\/p><label style=\"display:block;font-weight:600;margin:14px 0 6px;font-size:14px\">Montreal time (Eastern)<\/label><input id=\"tz-i\" type=\"time\" value=\"14:00\" style=\"width:100%;padding:10px;border:1px solid #cbd5e1;border-radius:8px;box-sizing:border-box;font-size:15px\"><button id=\"tz-go\" style=\"background:#d8232a;color:#fff;border:0;padding:12px 22px;border-radius:8px;font-weight:700;cursor:pointer;font-size:15px;margin-top:18px;width:100%\">Convert<\/button><div id=\"tz-out\" style=\"margin-top:18px;background:#fff;border:1px solid #e2e8f0;border-radius:8px;overflow:hidden;display:none\"><table style=\"width:100%;border-collapse:collapse;font-size:14px\"><thead><tr style=\"background:#0b1f3a;color:#fff\"><th style=\"padding:8px;text-align:left\">City<\/th><th style=\"padding:8px;text-align:left\">Time<\/th><\/tr><\/thead><tbody id=\"tz-body\"><\/tbody><\/table><\/div><\/div><\/div><script>(function(){var cities=[[\"Vancouver\",\"America\/Vancouver\"],[\"Toronto\",\"America\/Toronto\"],[\"New York\",\"America\/New_York\"],[\"Mexico City\",\"America\/Mexico_City\"],[\"Sao Paulo\",\"America\/Sao_Paulo\"],[\"London\",\"Europe\/London\"],[\"Paris\",\"Europe\/Paris\"],[\"Berlin\",\"Europe\/Berlin\"],[\"Rome\",\"Europe\/Rome\"],[\"Cairo\",\"Africa\/Cairo\"],[\"Dubai\",\"Asia\/Dubai\"],[\"Mumbai\",\"Asia\/Kolkata\"],[\"Bangkok\",\"Asia\/Bangkok\"],[\"Beijing\",\"Asia\/Shanghai\"],[\"Tokyo\",\"Asia\/Tokyo\"],[\"Sydney\",\"Australia\/Sydney\"],[\"Auckland\",\"Pacific\/Auckland\"]];function R(){var v=document.getElementById(\"tz-i\").value;if(!v)return;var p=v.split(\":\");var h=+p[0],m=+p[1];var mtl=new Date(Date.UTC(2026,5,15,h+4,m));var body=document.getElementById(\"tz-body\");body.textContent=\"\";cities.forEach(function(c){var tr=document.createElement(\"tr\");var td1=document.createElement(\"td\");td1.style.cssText=\"padding:8px;border-top:1px solid #e2e8f0\";td1.textContent=c[0];var td2=document.createElement(\"td\");td2.style.cssText=\"padding:8px;border-top:1px solid #e2e8f0\";td2.textContent=new Intl.DateTimeFormat(\"en-CA\",{timeZone:c[1],hour:\"2-digit\",minute:\"2-digit\",weekday:\"short\"}).format(mtl);tr.appendChild(td1);tr.appendChild(td2);body.appendChild(tr);});document.getElementById(\"tz-out\").style.display=\"block\";}document.getElementById(\"tz-go\").addEventListener(\"click\",R);R();})();<\/script>\n\n\n\n<div class=\"mtl-sources\" style=\"font-family:-apple-system,BlinkMacSystemFont,sans-serif;max-width:760px;margin:20px auto;padding:14px 20px;background:#fff;border-top:1px solid #e2e8f0;color:#475569;font-size:13px;line-height:1.5\"><p style=\"margin:0 0 6px\"><strong>Reviewed by:<\/strong> Montreal Tips editorial team \u00b7 <strong>Last updated:<\/strong> May 13, 2026<\/p><p style=\"margin:0\"><strong>Note:<\/strong> Estimates only \u2014 verify with official sources before booking.<\/p><\/div>\n","protected":false},"excerpt":{"rendered":"<p>Quick answer What time is it around the world from Montreal? Enter a Montreal Eastern Time \u2014 get equivalents in 17 major world cities. Auto-adjusts for daylight saving. &#x1f30d; Time Zone Converter Enter a Montreal time \u2014 see what it is worldwide. Montreal time (Eastern)Convert City Time Reviewed by: Montreal Tips editorial team \u00b7 Last [&hellip;]<\/p>\n","protected":false},"author":1,"featured_media":0,"parent":0,"menu_order":0,"comment_status":"closed","ping_status":"closed","template":"","meta":{"footnotes":""},"class_list":["post-9159","page","type-page","status-publish","hentry"],"yoast_head":"<!-- This site is optimized with the Yoast SEO plugin v27.6 - https:\/\/yoast.com\/product\/yoast-seo-wordpress\/ -->\n<title>World Time Zone Converter (Montreal Base) - Montreal Tips<\/title>\n<meta name=\"robots\" content=\"index, follow, max-snippet:-1, max-image-preview:large, max-video-preview:-1\" \/>\n<link rel=\"canonical\" href=\"https:\/\/montrealtips.com\/fr\/time-zone-converter\/\" \/>\n<meta property=\"og:locale\" content=\"fr_CA\" \/>\n<meta property=\"og:type\" content=\"article\" \/>\n<meta property=\"og:title\" content=\"World Time Zone Converter (Montreal Base) - Montreal Tips\" \/>\n<meta property=\"og:description\" content=\"Quick answer What time is it around the world from Montreal? Enter a Montreal Eastern Time \u2014 get equivalents in 17 major world cities. Auto-adjusts for daylight saving. &#x1f30d; Time Zone Converter Enter a Montreal time \u2014 see what it is worldwide. Montreal time (Eastern)Convert City Time Reviewed by: Montreal Tips editorial team \u00b7 Last [&hellip;]\" \/>\n<meta property=\"og:url\" content=\"https:\/\/montrealtips.com\/fr\/time-zone-converter\/\" \/>\n<meta property=\"og:site_name\" content=\"Montreal Tips\" \/>\n<meta property=\"article:publisher\" content=\"https:\/\/www.facebook.com\/mtltips\/\" \/>\n<meta property=\"article:modified_time\" content=\"2026-05-15T18:59:29+00:00\" \/>\n<meta property=\"og:image\" content=\"https:\/\/montrealtips.com\/wp-content\/uploads\/2017\/04\/Downtown-Church-Photo-From-Mont-Royal.jpg\" \/>\n\t<meta property=\"og:image:width\" content=\"1869\" \/>\n\t<meta property=\"og:image:height\" content=\"1246\" \/>\n\t<meta property=\"og:image:type\" content=\"image\/jpeg\" \/>\n<meta name=\"twitter:card\" content=\"summary_large_image\" \/>\n<meta name=\"twitter:site\" content=\"@mtltips\" \/>\n<script type=\"application\/ld+json\" class=\"yoast-schema-graph\">{\"@context\":\"https:\\\/\\\/schema.org\",\"@graph\":[{\"@type\":\"WebPage\",\"@id\":\"https:\\\/\\\/montrealtips.com\\\/time-zone-converter\\\/\",\"url\":\"https:\\\/\\\/montrealtips.com\\\/time-zone-converter\\\/\",\"name\":\"World Time Zone Converter (Montreal Base) - Montreal Tips\",\"isPartOf\":{\"@id\":\"https:\\\/\\\/montrealtips.com\\\/#website\"},\"datePublished\":\"2026-05-15T17:36:08+00:00\",\"dateModified\":\"2026-05-15T18:59:29+00:00\",\"breadcrumb\":{\"@id\":\"https:\\\/\\\/montrealtips.com\\\/time-zone-converter\\\/#breadcrumb\"},\"inLanguage\":\"fr-CA\",\"potentialAction\":[{\"@type\":\"ReadAction\",\"target\":[\"https:\\\/\\\/montrealtips.com\\\/time-zone-converter\\\/\"]}]},{\"@type\":\"BreadcrumbList\",\"@id\":\"https:\\\/\\\/montrealtips.com\\\/time-zone-converter\\\/#breadcrumb\",\"itemListElement\":[{\"@type\":\"ListItem\",\"position\":1,\"name\":\"Home\",\"item\":\"https:\\\/\\\/montrealtips.com\\\/\"},{\"@type\":\"ListItem\",\"position\":2,\"name\":\"World Time Zone Converter (Montreal Base)\"}]},{\"@type\":\"WebSite\",\"@id\":\"https:\\\/\\\/montrealtips.com\\\/#website\",\"url\":\"https:\\\/\\\/montrealtips.com\\\/\",\"name\":\"Montreal Tips\",\"description\":\"Montreal Updates, Features and Articles\",\"publisher\":{\"@id\":\"https:\\\/\\\/montrealtips.com\\\/#organization\"},\"potentialAction\":[{\"@type\":\"SearchAction\",\"target\":{\"@type\":\"EntryPoint\",\"urlTemplate\":\"https:\\\/\\\/montrealtips.com\\\/?s={search_term_string}\"},\"query-input\":{\"@type\":\"PropertyValueSpecification\",\"valueRequired\":true,\"valueName\":\"search_term_string\"}}],\"inLanguage\":\"fr-CA\"},{\"@type\":\"Organization\",\"@id\":\"https:\\\/\\\/montrealtips.com\\\/#organization\",\"name\":\"Montreal Tips\",\"url\":\"https:\\\/\\\/montrealtips.com\\\/\",\"logo\":{\"@type\":\"ImageObject\",\"inLanguage\":\"fr-CA\",\"@id\":\"https:\\\/\\\/montrealtips.com\\\/#\\\/schema\\\/logo\\\/image\\\/\",\"url\":\"https:\\\/\\\/montrealtips.com\\\/wp-content\\\/uploads\\\/2018\\\/08\\\/Untitled-2.jpg\",\"contentUrl\":\"https:\\\/\\\/montrealtips.com\\\/wp-content\\\/uploads\\\/2018\\\/08\\\/Untitled-2.jpg\",\"width\":1206,\"height\":1084,\"caption\":\"Montreal Tips\"},\"image\":{\"@id\":\"https:\\\/\\\/montrealtips.com\\\/#\\\/schema\\\/logo\\\/image\\\/\"},\"sameAs\":[\"https:\\\/\\\/www.facebook.com\\\/mtltips\\\/\",\"https:\\\/\\\/x.com\\\/mtltips\",\"https:\\\/\\\/www.instagram.com\\\/mtltips\\\/\",\"https:\\\/\\\/www.linkedin.com\\\/company\\\/montreal-tips\\\/\",\"https:\\\/\\\/www.pinterest.ca\\\/mtltips\\\/\"]}]}<\/script>\n<!-- \/ Yoast SEO plugin. -->","yoast_head_json":{"title":"World Time Zone Converter (Montreal Base) - Montreal Tips","robots":{"index":"index","follow":"follow","max-snippet":"max-snippet:-1","max-image-preview":"max-image-preview:large","max-video-preview":"max-video-preview:-1"},"canonical":"https:\/\/montrealtips.com\/fr\/time-zone-converter\/","og_locale":"fr_CA","og_type":"article","og_title":"World Time Zone Converter (Montreal Base) - Montreal Tips","og_description":"Quick answer What time is it around the world from Montreal? Enter a Montreal Eastern Time \u2014 get equivalents in 17 major world cities. Auto-adjusts for daylight saving. &#x1f30d; Time Zone Converter Enter a Montreal time \u2014 see what it is worldwide. Montreal time (Eastern)Convert City Time Reviewed by: Montreal Tips editorial team \u00b7 Last [&hellip;]","og_url":"https:\/\/montrealtips.com\/fr\/time-zone-converter\/","og_site_name":"Montreal Tips","article_publisher":"https:\/\/www.facebook.com\/mtltips\/","article_modified_time":"2026-05-15T18:59:29+00:00","og_image":[{"width":1869,"height":1246,"url":"https:\/\/montrealtips.com\/wp-content\/uploads\/2017\/04\/Downtown-Church-Photo-From-Mont-Royal.jpg","type":"image\/jpeg"}],"twitter_card":"summary_large_image","twitter_site":"@mtltips","schema":{"@context":"https:\/\/schema.org","@graph":[{"@type":"WebPage","@id":"https:\/\/montrealtips.com\/time-zone-converter\/","url":"https:\/\/montrealtips.com\/time-zone-converter\/","name":"World Time Zone Converter (Montreal Base) - Montreal Tips","isPartOf":{"@id":"https:\/\/montrealtips.com\/#website"},"datePublished":"2026-05-15T17:36:08+00:00","dateModified":"2026-05-15T18:59:29+00:00","breadcrumb":{"@id":"https:\/\/montrealtips.com\/time-zone-converter\/#breadcrumb"},"inLanguage":"fr-CA","potentialAction":[{"@type":"ReadAction","target":["https:\/\/montrealtips.com\/time-zone-converter\/"]}]},{"@type":"BreadcrumbList","@id":"https:\/\/montrealtips.com\/time-zone-converter\/#breadcrumb","itemListElement":[{"@type":"ListItem","position":1,"name":"Home","item":"https:\/\/montrealtips.com\/"},{"@type":"ListItem","position":2,"name":"World Time Zone Converter (Montreal Base)"}]},{"@type":"WebSite","@id":"https:\/\/montrealtips.com\/#website","url":"https:\/\/montrealtips.com\/","name":"Conseils pour Montr\u00e9al","description":"Actualit\u00e9s, reportages et articles sur Montr\u00e9al","publisher":{"@id":"https:\/\/montrealtips.com\/#organization"},"potentialAction":[{"@type":"SearchAction","target":{"@type":"EntryPoint","urlTemplate":"https:\/\/montrealtips.com\/?s={search_term_string}"},"query-input":{"@type":"PropertyValueSpecification","valueRequired":true,"valueName":"search_term_string"}}],"inLanguage":"fr-CA"},{"@type":"Organization","@id":"https:\/\/montrealtips.com\/#organization","name":"Conseils pour Montr\u00e9al","url":"https:\/\/montrealtips.com\/","logo":{"@type":"ImageObject","inLanguage":"fr-CA","@id":"https:\/\/montrealtips.com\/#\/schema\/logo\/image\/","url":"https:\/\/montrealtips.com\/wp-content\/uploads\/2018\/08\/Untitled-2.jpg","contentUrl":"https:\/\/montrealtips.com\/wp-content\/uploads\/2018\/08\/Untitled-2.jpg","width":1206,"height":1084,"caption":"Montreal Tips"},"image":{"@id":"https:\/\/montrealtips.com\/#\/schema\/logo\/image\/"},"sameAs":["https:\/\/www.facebook.com\/mtltips\/","https:\/\/x.com\/mtltips","https:\/\/www.instagram.com\/mtltips\/","https:\/\/www.linkedin.com\/company\/montreal-tips\/","https:\/\/www.pinterest.ca\/mtltips\/"]}]}},"_links":{"self":[{"href":"https:\/\/montrealtips.com\/fr\/wp-json\/wp\/v2\/pages\/9159","targetHints":{"allow":["GET"]}}],"collection":[{"href":"https:\/\/montrealtips.com\/fr\/wp-json\/wp\/v2\/pages"}],"about":[{"href":"https:\/\/montrealtips.com\/fr\/wp-json\/wp\/v2\/types\/page"}],"author":[{"embeddable":true,"href":"https:\/\/montrealtips.com\/fr\/wp-json\/wp\/v2\/users\/1"}],"replies":[{"embeddable":true,"href":"https:\/\/montrealtips.com\/fr\/wp-json\/wp\/v2\/comments?post=9159"}],"version-history":[{"count":1,"href":"https:\/\/montrealtips.com\/fr\/wp-json\/wp\/v2\/pages\/9159\/revisions"}],"predecessor-version":[{"id":9222,"href":"https:\/\/montrealtips.com\/fr\/wp-json\/wp\/v2\/pages\/9159\/revisions\/9222"}],"wp:attachment":[{"href":"https:\/\/montrealtips.com\/fr\/wp-json\/wp\/v2\/media?parent=9159"}],"curies":[{"name":"wp","href":"https:\/\/api.w.org\/{rel}","templated":true}]}}