{"id":9162,"date":"2026-05-15T13:37:15","date_gmt":"2026-05-15T17:37:15","guid":{"rendered":"https:\/\/montrealtips.com\/travel-currency-converter\/"},"modified":"2026-05-15T14:59:26","modified_gmt":"2026-05-15T18:59:26","slug":"travel-currency-converter","status":"publish","type":"page","link":"https:\/\/montrealtips.com\/fr\/travel-currency-converter\/","title":{"rendered":"Travel Currency Converter (CAD Base)"},"content":{"rendered":"\n<div class=\"mtl-tldr\" style=\"font-family:-apple-system,BlinkMacSystemFont,sans-serif;max-width:760px;margin:24px auto 0;padding:18px 22px;background:#eff6ff;border:1px solid #bfdbfe;border-left:5px solid #2563eb;border-radius:12px;color:#0b1f3a\"><strong style=\"font-size:14px;text-transform:uppercase;letter-spacing:0.5px;color:#2563eb\">Quick answer<\/strong><h2 style=\"margin:6px 0 8px;font-size:20px;color:#0b1f3a\">How much is $100 CAD in USD, EUR, GBP?<\/h2><p style=\"margin:0;color:#1e293b;font-size:15px;line-height:1.55\">Approximate 2026 conversions: $100 CAD \u2248 $72 USD \u2248 \u20ac68 EUR \u2248 \u00a358 GBP \u2248 \u00a511,000 JPY. Free converter for 12 major currencies.<\/p><\/div>\n\n\n\n<div class=\"mtl-tool\" style=\"font-family:-apple-system,BlinkMacSystemFont,sans-serif;max-width:760px;margin:24px auto;line-height:1.55\"><div style=\"background:#f7f9fc;border:1px solid #e3e8ef;border-radius:14px;padding:24px\"><h2 style=\"margin:0 0 6px;font-size:22px;color:#0b1f3a\">&#x1f4b1; Currency Converter<\/h2><p style=\"margin:0 0 18px;color:#475569;font-size:14px\">Approximate rates as of May 2026. Use for budgeting only.<\/p><label style=\"display:block;font-weight:600;margin:14px 0 6px;font-size:14px\">Amount in Canadian Dollars (CAD)<\/label><input id=\"cc-i\" type=\"number\" value=\"100\" step=\"1\" style=\"width:100%;padding:10px;border:1px solid #cbd5e1;border-radius:8px;box-sizing:border-box;font-size:16px\"><div id=\"cc-out\" style=\"margin-top:18px;background:#fff;border:1px solid #e2e8f0;border-radius:8px;overflow:hidden\"><table style=\"width:100%;border-collapse:collapse;font-size:14px\"><thead><tr style=\"background:#0b1f3a;color:#fff\"><th style=\"padding:8px;text-align:left\">Currency<\/th><th style=\"padding:8px;text-align:right\">Amount<\/th><\/tr><\/thead><tbody id=\"cc-body\"><\/tbody><\/table><\/div><p style=\"margin:12px 0 0;font-size:12px;color:#94a3b8\">Rates: 1 CAD \u2248 0.72 USD \u2248 0.68 EUR \u2248 0.58 GBP \u2248 110 JPY \u2248 0.66 CHF \u2248 1.12 AUD \u2248 1.18 NZD \u2248 5.2 MXN \u2248 60 INR \u2248 5.2 CNY \u2248 14.8 THB. Bank rates differ.<\/p><\/div><\/div><script>(function(){var rates=[[\"USD\",0.72,\"$\"],[\"EUR\",0.68,\"\u20ac\"],[\"GBP\",0.58,\"\u00a3\"],[\"JPY\",110,\"\u00a5\"],[\"CHF\",0.66,\"CHF \"],[\"AUD\",1.12,\"A$\"],[\"NZD\",1.18,\"NZ$\"],[\"MXN\",5.2,\"$\"],[\"INR\",60,\"\u20b9\"],[\"CNY\",5.2,\"\u00a5\"],[\"THB\",14.8,\"\u0e3f\"]];function R(){var a=+document.getElementById(\"cc-i\").value||0;var body=document.getElementById(\"cc-body\");body.textContent=\"\";rates.forEach(function(r){var tr=document.createElement(\"tr\");var t1=document.createElement(\"td\");t1.style.cssText=\"padding:8px;border-top:1px solid #e2e8f0\";t1.textContent=r[0];var t2=document.createElement(\"td\");t2.style.cssText=\"padding:8px;border-top:1px solid #e2e8f0;text-align:right;font-variant-numeric:tabular-nums\";t2.textContent=r[2]+(a*r[1]).toLocaleString(undefined,{maximumFractionDigits:2});tr.appendChild(t1);tr.appendChild(t2);body.appendChild(tr);});}document.getElementById(\"cc-i\").addEventListener(\"input\",R);R();})();<\/script>\n\n\n\n<div class=\"mtl-sources\" style=\"font-family:-apple-system,BlinkMacSystemFont,sans-serif;max-width:760px;margin:20px auto;padding:14px 20px;background:#fff;border-top:1px solid #e2e8f0;color:#475569;font-size:13px;line-height:1.5\"><p style=\"margin:0 0 6px\"><strong>Reviewed by:<\/strong> Montreal Tips editorial team \u00b7 <strong>Last updated:<\/strong> May 13, 2026<\/p><p style=\"margin:0\"><strong>Note:<\/strong> Estimates only \u2014 verify with official sources before booking.<\/p><\/div>\n","protected":false},"excerpt":{"rendered":"<p>Quick answer How much is $100 CAD in USD, EUR, GBP? Approximate 2026 conversions: $100 CAD \u2248 $72 USD \u2248 \u20ac68 EUR \u2248 \u00a358 GBP \u2248 \u00a511,000 JPY. Free converter for 12 major currencies. &#x1f4b1; Currency Converter Approximate rates as of May 2026. Use for budgeting only. Amount in Canadian Dollars (CAD) Currency Amount Rates: [&hellip;]<\/p>\n","protected":false},"author":1,"featured_media":0,"parent":0,"menu_order":0,"comment_status":"closed","ping_status":"closed","template":"","meta":{"footnotes":""},"class_list":["post-9162","page","type-page","status-publish","hentry"],"yoast_head":"<!-- This site is optimized with the Yoast SEO plugin v27.6 - https:\/\/yoast.com\/product\/yoast-seo-wordpress\/ -->\n<title>Travel Currency Converter (CAD Base) - Montreal Tips<\/title>\n<meta name=\"robots\" content=\"index, follow, max-snippet:-1, max-image-preview:large, max-video-preview:-1\" \/>\n<link rel=\"canonical\" href=\"https:\/\/montrealtips.com\/fr\/travel-currency-converter\/\" \/>\n<meta property=\"og:locale\" content=\"fr_CA\" \/>\n<meta property=\"og:type\" content=\"article\" \/>\n<meta property=\"og:title\" content=\"Travel Currency Converter (CAD Base) - Montreal Tips\" \/>\n<meta property=\"og:description\" content=\"Quick answer How much is $100 CAD in USD, EUR, GBP? Approximate 2026 conversions: $100 CAD \u2248 $72 USD \u2248 \u20ac68 EUR \u2248 \u00a358 GBP \u2248 \u00a511,000 JPY. Free converter for 12 major currencies. &#x1f4b1; Currency Converter Approximate rates as of May 2026. Use for budgeting only. Amount in Canadian Dollars (CAD) Currency Amount Rates: [&hellip;]\" \/>\n<meta property=\"og:url\" content=\"https:\/\/montrealtips.com\/fr\/travel-currency-converter\/\" \/>\n<meta property=\"og:site_name\" content=\"Montreal Tips\" \/>\n<meta property=\"article:publisher\" content=\"https:\/\/www.facebook.com\/mtltips\/\" \/>\n<meta property=\"article:modified_time\" content=\"2026-05-15T18:59:26+00:00\" \/>\n<meta property=\"og:image\" content=\"https:\/\/montrealtips.com\/wp-content\/uploads\/2017\/04\/Downtown-Church-Photo-From-Mont-Royal.jpg\" \/>\n\t<meta property=\"og:image:width\" content=\"1869\" \/>\n\t<meta property=\"og:image:height\" content=\"1246\" \/>\n\t<meta property=\"og:image:type\" content=\"image\/jpeg\" \/>\n<meta name=\"twitter:card\" content=\"summary_large_image\" \/>\n<meta name=\"twitter:site\" content=\"@mtltips\" \/>\n<script type=\"application\/ld+json\" class=\"yoast-schema-graph\">{\"@context\":\"https:\\\/\\\/schema.org\",\"@graph\":[{\"@type\":\"WebPage\",\"@id\":\"https:\\\/\\\/montrealtips.com\\\/travel-currency-converter\\\/\",\"url\":\"https:\\\/\\\/montrealtips.com\\\/travel-currency-converter\\\/\",\"name\":\"Travel Currency Converter (CAD Base) - Montreal Tips\",\"isPartOf\":{\"@id\":\"https:\\\/\\\/montrealtips.com\\\/#website\"},\"datePublished\":\"2026-05-15T17:37:15+00:00\",\"dateModified\":\"2026-05-15T18:59:26+00:00\",\"breadcrumb\":{\"@id\":\"https:\\\/\\\/montrealtips.com\\\/travel-currency-converter\\\/#breadcrumb\"},\"inLanguage\":\"fr-CA\",\"potentialAction\":[{\"@type\":\"ReadAction\",\"target\":[\"https:\\\/\\\/montrealtips.com\\\/travel-currency-converter\\\/\"]}]},{\"@type\":\"BreadcrumbList\",\"@id\":\"https:\\\/\\\/montrealtips.com\\\/travel-currency-converter\\\/#breadcrumb\",\"itemListElement\":[{\"@type\":\"ListItem\",\"position\":1,\"name\":\"Home\",\"item\":\"https:\\\/\\\/montrealtips.com\\\/\"},{\"@type\":\"ListItem\",\"position\":2,\"name\":\"Travel Currency Converter (CAD Base)\"}]},{\"@type\":\"WebSite\",\"@id\":\"https:\\\/\\\/montrealtips.com\\\/#website\",\"url\":\"https:\\\/\\\/montrealtips.com\\\/\",\"name\":\"Montreal Tips\",\"description\":\"Montreal Updates, Features and Articles\",\"publisher\":{\"@id\":\"https:\\\/\\\/montrealtips.com\\\/#organization\"},\"potentialAction\":[{\"@type\":\"SearchAction\",\"target\":{\"@type\":\"EntryPoint\",\"urlTemplate\":\"https:\\\/\\\/montrealtips.com\\\/?s={search_term_string}\"},\"query-input\":{\"@type\":\"PropertyValueSpecification\",\"valueRequired\":true,\"valueName\":\"search_term_string\"}}],\"inLanguage\":\"fr-CA\"},{\"@type\":\"Organization\",\"@id\":\"https:\\\/\\\/montrealtips.com\\\/#organization\",\"name\":\"Montreal Tips\",\"url\":\"https:\\\/\\\/montrealtips.com\\\/\",\"logo\":{\"@type\":\"ImageObject\",\"inLanguage\":\"fr-CA\",\"@id\":\"https:\\\/\\\/montrealtips.com\\\/#\\\/schema\\\/logo\\\/image\\\/\",\"url\":\"https:\\\/\\\/montrealtips.com\\\/wp-content\\\/uploads\\\/2018\\\/08\\\/Untitled-2.jpg\",\"contentUrl\":\"https:\\\/\\\/montrealtips.com\\\/wp-content\\\/uploads\\\/2018\\\/08\\\/Untitled-2.jpg\",\"width\":1206,\"height\":1084,\"caption\":\"Montreal Tips\"},\"image\":{\"@id\":\"https:\\\/\\\/montrealtips.com\\\/#\\\/schema\\\/logo\\\/image\\\/\"},\"sameAs\":[\"https:\\\/\\\/www.facebook.com\\\/mtltips\\\/\",\"https:\\\/\\\/x.com\\\/mtltips\",\"https:\\\/\\\/www.instagram.com\\\/mtltips\\\/\",\"https:\\\/\\\/www.linkedin.com\\\/company\\\/montreal-tips\\\/\",\"https:\\\/\\\/www.pinterest.ca\\\/mtltips\\\/\"]}]}<\/script>\n<!-- \/ Yoast SEO plugin. -->","yoast_head_json":{"title":"Travel Currency Converter (CAD Base) - Montreal Tips","robots":{"index":"index","follow":"follow","max-snippet":"max-snippet:-1","max-image-preview":"max-image-preview:large","max-video-preview":"max-video-preview:-1"},"canonical":"https:\/\/montrealtips.com\/fr\/travel-currency-converter\/","og_locale":"fr_CA","og_type":"article","og_title":"Travel Currency Converter (CAD Base) - Montreal Tips","og_description":"Quick answer How much is $100 CAD in USD, EUR, GBP? Approximate 2026 conversions: $100 CAD \u2248 $72 USD \u2248 \u20ac68 EUR \u2248 \u00a358 GBP \u2248 \u00a511,000 JPY. Free converter for 12 major currencies. &#x1f4b1; Currency Converter Approximate rates as of May 2026. Use for budgeting only. Amount in Canadian Dollars (CAD) Currency Amount Rates: [&hellip;]","og_url":"https:\/\/montrealtips.com\/fr\/travel-currency-converter\/","og_site_name":"Montreal Tips","article_publisher":"https:\/\/www.facebook.com\/mtltips\/","article_modified_time":"2026-05-15T18:59:26+00:00","og_image":[{"width":1869,"height":1246,"url":"https:\/\/montrealtips.com\/wp-content\/uploads\/2017\/04\/Downtown-Church-Photo-From-Mont-Royal.jpg","type":"image\/jpeg"}],"twitter_card":"summary_large_image","twitter_site":"@mtltips","schema":{"@context":"https:\/\/schema.org","@graph":[{"@type":"WebPage","@id":"https:\/\/montrealtips.com\/travel-currency-converter\/","url":"https:\/\/montrealtips.com\/travel-currency-converter\/","name":"Travel Currency Converter (CAD Base) - Montreal Tips","isPartOf":{"@id":"https:\/\/montrealtips.com\/#website"},"datePublished":"2026-05-15T17:37:15+00:00","dateModified":"2026-05-15T18:59:26+00:00","breadcrumb":{"@id":"https:\/\/montrealtips.com\/travel-currency-converter\/#breadcrumb"},"inLanguage":"fr-CA","potentialAction":[{"@type":"ReadAction","target":["https:\/\/montrealtips.com\/travel-currency-converter\/"]}]},{"@type":"BreadcrumbList","@id":"https:\/\/montrealtips.com\/travel-currency-converter\/#breadcrumb","itemListElement":[{"@type":"ListItem","position":1,"name":"Home","item":"https:\/\/montrealtips.com\/"},{"@type":"ListItem","position":2,"name":"Travel Currency Converter (CAD Base)"}]},{"@type":"WebSite","@id":"https:\/\/montrealtips.com\/#website","url":"https:\/\/montrealtips.com\/","name":"Conseils pour Montr\u00e9al","description":"Actualit\u00e9s, reportages et articles sur Montr\u00e9al","publisher":{"@id":"https:\/\/montrealtips.com\/#organization"},"potentialAction":[{"@type":"SearchAction","target":{"@type":"EntryPoint","urlTemplate":"https:\/\/montrealtips.com\/?s={search_term_string}"},"query-input":{"@type":"PropertyValueSpecification","valueRequired":true,"valueName":"search_term_string"}}],"inLanguage":"fr-CA"},{"@type":"Organization","@id":"https:\/\/montrealtips.com\/#organization","name":"Conseils pour Montr\u00e9al","url":"https:\/\/montrealtips.com\/","logo":{"@type":"ImageObject","inLanguage":"fr-CA","@id":"https:\/\/montrealtips.com\/#\/schema\/logo\/image\/","url":"https:\/\/montrealtips.com\/wp-content\/uploads\/2018\/08\/Untitled-2.jpg","contentUrl":"https:\/\/montrealtips.com\/wp-content\/uploads\/2018\/08\/Untitled-2.jpg","width":1206,"height":1084,"caption":"Montreal Tips"},"image":{"@id":"https:\/\/montrealtips.com\/#\/schema\/logo\/image\/"},"sameAs":["https:\/\/www.facebook.com\/mtltips\/","https:\/\/x.com\/mtltips","https:\/\/www.instagram.com\/mtltips\/","https:\/\/www.linkedin.com\/company\/montreal-tips\/","https:\/\/www.pinterest.ca\/mtltips\/"]}]}},"_links":{"self":[{"href":"https:\/\/montrealtips.com\/fr\/wp-json\/wp\/v2\/pages\/9162","targetHints":{"allow":["GET"]}}],"collection":[{"href":"https:\/\/montrealtips.com\/fr\/wp-json\/wp\/v2\/pages"}],"about":[{"href":"https:\/\/montrealtips.com\/fr\/wp-json\/wp\/v2\/types\/page"}],"author":[{"embeddable":true,"href":"https:\/\/montrealtips.com\/fr\/wp-json\/wp\/v2\/users\/1"}],"replies":[{"embeddable":true,"href":"https:\/\/montrealtips.com\/fr\/wp-json\/wp\/v2\/comments?post=9162"}],"version-history":[{"count":1,"href":"https:\/\/montrealtips.com\/fr\/wp-json\/wp\/v2\/pages\/9162\/revisions"}],"predecessor-version":[{"id":9219,"href":"https:\/\/montrealtips.com\/fr\/wp-json\/wp\/v2\/pages\/9162\/revisions\/9219"}],"wp:attachment":[{"href":"https:\/\/montrealtips.com\/fr\/wp-json\/wp\/v2\/media?parent=9162"}],"curies":[{"name":"wp","href":"https:\/\/api.w.org\/{rel}","templated":true}]}}