{"id":9170,"date":"2026-05-15T13:40:45","date_gmt":"2026-05-15T17:40:45","guid":{"rendered":"https:\/\/montrealtips.com\/luggage-weight-checker\/"},"modified":"2026-05-15T14:59:12","modified_gmt":"2026-05-15T18:59:12","slug":"luggage-weight-checker","status":"publish","type":"page","link":"https:\/\/montrealtips.com\/fr\/luggage-weight-checker\/","title":{"rendered":"Luggage Weight Limit Checker (Major Airlines 2026)"},"content":{"rendered":"\n<div class=\"mtl-tldr\" style=\"font-family:-apple-system,BlinkMacSystemFont,sans-serif;max-width:760px;margin:24px auto 0;padding:18px 22px;background:#eff6ff;border:1px solid #bfdbfe;border-left:5px solid #2563eb;border-radius:12px;color:#0b1f3a\"><strong style=\"font-size:14px;text-transform:uppercase;letter-spacing:0.5px;color:#2563eb\">Quick answer<\/strong><h2 style=\"margin:6px 0 8px;font-size:20px;color:#0b1f3a\">How much can my checked bag weigh?<\/h2><p style=\"margin:0;color:#1e293b;font-size:15px;line-height:1.55\">Most economy checked bags: 23 kg (50 lb). Premium economy and business: 32 kg (70 lb). Carry-on: 7-10 kg most airlines, but rarely weighed.<\/p><\/div>\n\n\n\n<div class=\"mtl-tool\" style=\"font-family:-apple-system,BlinkMacSystemFont,sans-serif;max-width:760px;margin:24px auto;line-height:1.55\"><div style=\"background:#f7f9fc;border:1px solid #e3e8ef;border-radius:14px;padding:24px\"><h2 style=\"margin:0 0 6px;font-size:22px;color:#0b1f3a\">&#x1f9f3; Luggage Weight Checker<\/h2><p style=\"margin:0 0 18px;color:#475569;font-size:14px\">Check if your bag is within airline limits.<\/p><label style=\"display:block;font-weight:600;margin:14px 0 6px;font-size:14px\">Airline<\/label><select id=\"lw-a\" style=\"width:100%;padding:10px;border:1px solid #cbd5e1;border-radius:8px;box-sizing:border-box\"><option value=\"23,7\">Air Canada (economy)<\/option><option value=\"23,10\">WestJet (economy)<\/option><option value=\"23,8\">Porter Airlines<\/option><option value=\"23,7\">United Airlines economy<\/option><option value=\"23,7\">Delta economy<\/option><option value=\"23,8\">Lufthansa economy<\/option><option value=\"23,8\">Air France economy<\/option><option value=\"23,7\">British Airways economy<\/option><option value=\"20,7\">Ryanair (priority)<\/option><option value=\"20,10\">EasyJet<\/option><option value=\"32,8\">Business class (any)<\/option><\/select><label style=\"display:block;font-weight:600;margin:14px 0 6px;font-size:14px\">Bag type<\/label><select id=\"lw-t\" style=\"width:100%;padding:10px;border:1px solid #cbd5e1;border-radius:8px;box-sizing:border-box\"><option value=\"checked\">Checked<\/option><option value=\"carryon\">Carry-on<\/option><\/select><label style=\"display:block;font-weight:600;margin:14px 0 6px;font-size:14px\">Your bag weight (kg)<\/label><input id=\"lw-w\" type=\"number\" step=\"0.1\" value=\"22\" style=\"width:100%;padding:10px;border:1px solid #cbd5e1;border-radius:8px;box-sizing:border-box\"><button id=\"lw-go\" style=\"background:#d8232a;color:#fff;border:0;padding:12px 22px;border-radius:8px;font-weight:700;cursor:pointer;font-size:15px;margin-top:18px;width:100%\">Check<\/button><div id=\"lw-out\" style=\"margin-top:18px\"><\/div><\/div><\/div><script>(function(){function R(){var parts=document.getElementById(\"lw-a\").value.split(\",\");var checked=+parts[0];var carry=+parts[1];var t=document.getElementById(\"lw-t\").value;var w=+document.getElementById(\"lw-w\").value||0;var limit=t==\"checked\"?checked:carry;var ok=w<=limit;var box=document.getElementById(\"lw-out\");box.textContent=\"\";var d=document.createElement(\"div\");d.style.cssText=\"background:#fff;border-left:4px solid \"+(ok?\"#16a34a\":\"#d8232a\")+\";border-radius:8px;padding:14px 16px\";var status=ok?\"\\u2705 Within limit\":\"\\u274c Overweight by \"+(w-limit).toFixed(1)+\" kg ($50-100 overweight fee likely)\";d.innerHTML=\"<h4 style=\\\"margin:0 0 6px;font-size:18px;color:#0b1f3a\\\">\"+status+\"<\/h4><p style=\\\"margin:0;color:#475569;font-size:14px\\\">Limit: \"+limit+\" kg (\"+(limit*2.2).toFixed(1)+\" lb). Your bag: \"+w+\" kg.<\/p>\";box.appendChild(d);}document.getElementById(\"lw-go\").addEventListener(\"click\",R);R();})();<\/script>\n\n\n\n<div class=\"mtl-sources\" style=\"font-family:-apple-system,BlinkMacSystemFont,sans-serif;max-width:760px;margin:20px auto;padding:14px 20px;background:#fff;border-top:1px solid #e2e8f0;color:#475569;font-size:13px;line-height:1.5\"><p style=\"margin:0 0 6px\"><strong>Reviewed by:<\/strong> Montreal Tips editorial team \u00b7 <strong>Last updated:<\/strong> May 13, 2026<\/p><p style=\"margin:0\"><strong>Note:<\/strong> Estimates only \u2014 verify with official sources before booking.<\/p><\/div>\n","protected":false},"excerpt":{"rendered":"<p>Quick answer How much can my checked bag weigh? Most economy checked bags: 23 kg (50 lb). Premium economy and business: 32 kg (70 lb). Carry-on: 7-10 kg most airlines, but rarely weighed. &#x1f9f3; Luggage Weight Checker Check if your bag is within airline limits. AirlineAir Canada (economy)WestJet (economy)Porter AirlinesUnited Airlines economyDelta economyLufthansa economyAir France [&hellip;]<\/p>\n","protected":false},"author":1,"featured_media":0,"parent":0,"menu_order":0,"comment_status":"closed","ping_status":"closed","template":"","meta":{"footnotes":""},"class_list":["post-9170","page","type-page","status-publish","hentry"],"yoast_head":"<!-- This site is optimized with the Yoast SEO plugin v27.6 - https:\/\/yoast.com\/product\/yoast-seo-wordpress\/ -->\n<title>Luggage Weight Limit Checker (Major Airlines 2026) - Montreal Tips<\/title>\n<meta name=\"robots\" content=\"index, follow, max-snippet:-1, max-image-preview:large, max-video-preview:-1\" \/>\n<link rel=\"canonical\" href=\"https:\/\/montrealtips.com\/fr\/luggage-weight-checker\/\" \/>\n<meta property=\"og:locale\" content=\"fr_CA\" \/>\n<meta property=\"og:type\" content=\"article\" \/>\n<meta property=\"og:title\" content=\"Luggage Weight Limit Checker (Major Airlines 2026) - Montreal Tips\" \/>\n<meta property=\"og:description\" content=\"Quick answer How much can my checked bag weigh? Most economy checked bags: 23 kg (50 lb). Premium economy and business: 32 kg (70 lb). Carry-on: 7-10 kg most airlines, but rarely weighed. &#x1f9f3; Luggage Weight Checker Check if your bag is within airline limits. AirlineAir Canada (economy)WestJet (economy)Porter AirlinesUnited Airlines economyDelta economyLufthansa economyAir France [&hellip;]\" \/>\n<meta property=\"og:url\" content=\"https:\/\/montrealtips.com\/fr\/luggage-weight-checker\/\" \/>\n<meta property=\"og:site_name\" content=\"Montreal Tips\" \/>\n<meta property=\"article:publisher\" content=\"https:\/\/www.facebook.com\/mtltips\/\" \/>\n<meta property=\"article:modified_time\" content=\"2026-05-15T18:59:12+00:00\" \/>\n<meta property=\"og:image\" content=\"https:\/\/montrealtips.com\/wp-content\/uploads\/2017\/04\/Downtown-Church-Photo-From-Mont-Royal.jpg\" \/>\n\t<meta property=\"og:image:width\" content=\"1869\" \/>\n\t<meta property=\"og:image:height\" content=\"1246\" \/>\n\t<meta property=\"og:image:type\" content=\"image\/jpeg\" \/>\n<meta name=\"twitter:card\" content=\"summary_large_image\" \/>\n<meta name=\"twitter:site\" content=\"@mtltips\" \/>\n<script type=\"application\/ld+json\" class=\"yoast-schema-graph\">{\"@context\":\"https:\\\/\\\/schema.org\",\"@graph\":[{\"@type\":\"WebPage\",\"@id\":\"https:\\\/\\\/montrealtips.com\\\/luggage-weight-checker\\\/\",\"url\":\"https:\\\/\\\/montrealtips.com\\\/luggage-weight-checker\\\/\",\"name\":\"Luggage Weight Limit Checker (Major Airlines 2026) - Montreal Tips\",\"isPartOf\":{\"@id\":\"https:\\\/\\\/montrealtips.com\\\/#website\"},\"datePublished\":\"2026-05-15T17:40:45+00:00\",\"dateModified\":\"2026-05-15T18:59:12+00:00\",\"breadcrumb\":{\"@id\":\"https:\\\/\\\/montrealtips.com\\\/luggage-weight-checker\\\/#breadcrumb\"},\"inLanguage\":\"fr-CA\",\"potentialAction\":[{\"@type\":\"ReadAction\",\"target\":[\"https:\\\/\\\/montrealtips.com\\\/luggage-weight-checker\\\/\"]}]},{\"@type\":\"BreadcrumbList\",\"@id\":\"https:\\\/\\\/montrealtips.com\\\/luggage-weight-checker\\\/#breadcrumb\",\"itemListElement\":[{\"@type\":\"ListItem\",\"position\":1,\"name\":\"Home\",\"item\":\"https:\\\/\\\/montrealtips.com\\\/\"},{\"@type\":\"ListItem\",\"position\":2,\"name\":\"Luggage Weight Limit Checker (Major Airlines 2026)\"}]},{\"@type\":\"WebSite\",\"@id\":\"https:\\\/\\\/montrealtips.com\\\/#website\",\"url\":\"https:\\\/\\\/montrealtips.com\\\/\",\"name\":\"Montreal Tips\",\"description\":\"Montreal Updates, Features and Articles\",\"publisher\":{\"@id\":\"https:\\\/\\\/montrealtips.com\\\/#organization\"},\"potentialAction\":[{\"@type\":\"SearchAction\",\"target\":{\"@type\":\"EntryPoint\",\"urlTemplate\":\"https:\\\/\\\/montrealtips.com\\\/?s={search_term_string}\"},\"query-input\":{\"@type\":\"PropertyValueSpecification\",\"valueRequired\":true,\"valueName\":\"search_term_string\"}}],\"inLanguage\":\"fr-CA\"},{\"@type\":\"Organization\",\"@id\":\"https:\\\/\\\/montrealtips.com\\\/#organization\",\"name\":\"Montreal Tips\",\"url\":\"https:\\\/\\\/montrealtips.com\\\/\",\"logo\":{\"@type\":\"ImageObject\",\"inLanguage\":\"fr-CA\",\"@id\":\"https:\\\/\\\/montrealtips.com\\\/#\\\/schema\\\/logo\\\/image\\\/\",\"url\":\"https:\\\/\\\/montrealtips.com\\\/wp-content\\\/uploads\\\/2018\\\/08\\\/Untitled-2.jpg\",\"contentUrl\":\"https:\\\/\\\/montrealtips.com\\\/wp-content\\\/uploads\\\/2018\\\/08\\\/Untitled-2.jpg\",\"width\":1206,\"height\":1084,\"caption\":\"Montreal Tips\"},\"image\":{\"@id\":\"https:\\\/\\\/montrealtips.com\\\/#\\\/schema\\\/logo\\\/image\\\/\"},\"sameAs\":[\"https:\\\/\\\/www.facebook.com\\\/mtltips\\\/\",\"https:\\\/\\\/x.com\\\/mtltips\",\"https:\\\/\\\/www.instagram.com\\\/mtltips\\\/\",\"https:\\\/\\\/www.linkedin.com\\\/company\\\/montreal-tips\\\/\",\"https:\\\/\\\/www.pinterest.ca\\\/mtltips\\\/\"]}]}<\/script>\n<!-- \/ Yoast SEO plugin. -->","yoast_head_json":{"title":"Luggage Weight Limit Checker (Major Airlines 2026) - Montreal Tips","robots":{"index":"index","follow":"follow","max-snippet":"max-snippet:-1","max-image-preview":"max-image-preview:large","max-video-preview":"max-video-preview:-1"},"canonical":"https:\/\/montrealtips.com\/fr\/luggage-weight-checker\/","og_locale":"fr_CA","og_type":"article","og_title":"Luggage Weight Limit Checker (Major Airlines 2026) - Montreal Tips","og_description":"Quick answer How much can my checked bag weigh? Most economy checked bags: 23 kg (50 lb). Premium economy and business: 32 kg (70 lb). Carry-on: 7-10 kg most airlines, but rarely weighed. &#x1f9f3; Luggage Weight Checker Check if your bag is within airline limits. AirlineAir Canada (economy)WestJet (economy)Porter AirlinesUnited Airlines economyDelta economyLufthansa economyAir France [&hellip;]","og_url":"https:\/\/montrealtips.com\/fr\/luggage-weight-checker\/","og_site_name":"Montreal Tips","article_publisher":"https:\/\/www.facebook.com\/mtltips\/","article_modified_time":"2026-05-15T18:59:12+00:00","og_image":[{"width":1869,"height":1246,"url":"https:\/\/montrealtips.com\/wp-content\/uploads\/2017\/04\/Downtown-Church-Photo-From-Mont-Royal.jpg","type":"image\/jpeg"}],"twitter_card":"summary_large_image","twitter_site":"@mtltips","schema":{"@context":"https:\/\/schema.org","@graph":[{"@type":"WebPage","@id":"https:\/\/montrealtips.com\/luggage-weight-checker\/","url":"https:\/\/montrealtips.com\/luggage-weight-checker\/","name":"Luggage Weight Limit Checker (Major Airlines 2026) - Montreal Tips","isPartOf":{"@id":"https:\/\/montrealtips.com\/#website"},"datePublished":"2026-05-15T17:40:45+00:00","dateModified":"2026-05-15T18:59:12+00:00","breadcrumb":{"@id":"https:\/\/montrealtips.com\/luggage-weight-checker\/#breadcrumb"},"inLanguage":"fr-CA","potentialAction":[{"@type":"ReadAction","target":["https:\/\/montrealtips.com\/luggage-weight-checker\/"]}]},{"@type":"BreadcrumbList","@id":"https:\/\/montrealtips.com\/luggage-weight-checker\/#breadcrumb","itemListElement":[{"@type":"ListItem","position":1,"name":"Home","item":"https:\/\/montrealtips.com\/"},{"@type":"ListItem","position":2,"name":"Luggage Weight Limit Checker (Major Airlines 2026)"}]},{"@type":"WebSite","@id":"https:\/\/montrealtips.com\/#website","url":"https:\/\/montrealtips.com\/","name":"Conseils pour Montr\u00e9al","description":"Actualit\u00e9s, reportages et articles sur Montr\u00e9al","publisher":{"@id":"https:\/\/montrealtips.com\/#organization"},"potentialAction":[{"@type":"SearchAction","target":{"@type":"EntryPoint","urlTemplate":"https:\/\/montrealtips.com\/?s={search_term_string}"},"query-input":{"@type":"PropertyValueSpecification","valueRequired":true,"valueName":"search_term_string"}}],"inLanguage":"fr-CA"},{"@type":"Organization","@id":"https:\/\/montrealtips.com\/#organization","name":"Conseils pour Montr\u00e9al","url":"https:\/\/montrealtips.com\/","logo":{"@type":"ImageObject","inLanguage":"fr-CA","@id":"https:\/\/montrealtips.com\/#\/schema\/logo\/image\/","url":"https:\/\/montrealtips.com\/wp-content\/uploads\/2018\/08\/Untitled-2.jpg","contentUrl":"https:\/\/montrealtips.com\/wp-content\/uploads\/2018\/08\/Untitled-2.jpg","width":1206,"height":1084,"caption":"Montreal Tips"},"image":{"@id":"https:\/\/montrealtips.com\/#\/schema\/logo\/image\/"},"sameAs":["https:\/\/www.facebook.com\/mtltips\/","https:\/\/x.com\/mtltips","https:\/\/www.instagram.com\/mtltips\/","https:\/\/www.linkedin.com\/company\/montreal-tips\/","https:\/\/www.pinterest.ca\/mtltips\/"]}]}},"_links":{"self":[{"href":"https:\/\/montrealtips.com\/fr\/wp-json\/wp\/v2\/pages\/9170","targetHints":{"allow":["GET"]}}],"collection":[{"href":"https:\/\/montrealtips.com\/fr\/wp-json\/wp\/v2\/pages"}],"about":[{"href":"https:\/\/montrealtips.com\/fr\/wp-json\/wp\/v2\/types\/page"}],"author":[{"embeddable":true,"href":"https:\/\/montrealtips.com\/fr\/wp-json\/wp\/v2\/users\/1"}],"replies":[{"embeddable":true,"href":"https:\/\/montrealtips.com\/fr\/wp-json\/wp\/v2\/comments?post=9170"}],"version-history":[{"count":2,"href":"https:\/\/montrealtips.com\/fr\/wp-json\/wp\/v2\/pages\/9170\/revisions"}],"predecessor-version":[{"id":9226,"href":"https:\/\/montrealtips.com\/fr\/wp-json\/wp\/v2\/pages\/9170\/revisions\/9226"}],"wp:attachment":[{"href":"https:\/\/montrealtips.com\/fr\/wp-json\/wp\/v2\/media?parent=9170"}],"curies":[{"name":"wp","href":"https:\/\/api.w.org\/{rel}","templated":true}]}}