{"id":9177,"date":"2026-05-15T13:43:48","date_gmt":"2026-05-15T17:43:48","guid":{"rendered":"https:\/\/montrealtips.com\/vacation-savings-goal\/"},"modified":"2026-05-15T14:59:03","modified_gmt":"2026-05-15T18:59:03","slug":"vacation-savings-goal","status":"publish","type":"page","link":"https:\/\/montrealtips.com\/fr\/vacation-savings-goal\/","title":{"rendered":"Vacation Savings Goal Calculator"},"content":{"rendered":"<div class=\"mtl-tldr\" style=\"font-family:-apple-system,BlinkMacSystemFont,sans-serif;max-width:760px;margin:24px auto 0;padding:18px 22px;background:#eff6ff;border:1px solid #bfdbfe;border-left:5px solid #2563eb;border-radius:12px;color:#0b1f3a\"><strong style=\"font-size:14px;text-transform:uppercase;letter-spacing:0.5px;color:#2563eb\">R\u00e9ponse rapide<\/strong><h2 style=\"margin:6px 0 8px;font-size:20px;color:#0b1f3a\">How much should I save per week for my vacation?<\/h2><p style=\"margin:0;color:#1e293b;font-size:15px;line-height:1.55\">Set a target trip cost and date \u2014 get a weekly savings number. Add a 15% buffer for spending money + unexpected costs.<\/p><\/div>\n\n\n\n<div class=\"mtl-tool\" style=\"font-family:-apple-system,BlinkMacSystemFont,sans-serif;max-width:760px;margin:24px auto;line-height:1.55\"><div style=\"background:#f7f9fc;border:1px solid #e3e8ef;border-radius:14px;padding:24px\"><h2 style=\"margin:0 0 6px;font-size:22px;color:#0b1f3a\">&#x1f3dd;&#xfe0f; Vacation Savings Goal<\/h2><p style=\"margin:0 0 18px;color:#475569;font-size:14px\">How much to set aside weekly to hit your trip budget.<\/p><label style=\"display:block;font-weight:600;margin:14px 0 6px;font-size:14px\">Total trip cost target ($)<\/label><input id=\"vs-t\" type=\"number\" value=\"5000\" style=\"width:100%;padding:10px;border:1px solid #cbd5e1;border-radius:8px;box-sizing:border-box\"><label style=\"display:block;font-weight:600;margin:14px 0 6px;font-size:14px\">Departure date<\/label><input id=\"vs-d\" type=\"date\" style=\"width:100%;padding:10px;border:1px solid #cbd5e1;border-radius:8px;box-sizing:border-box\"><label style=\"display:block;font-weight:600;margin:14px 0 6px;font-size:14px\">Already saved ($)<\/label><input id=\"vs-s\" type=\"number\" value=\"0\" style=\"width:100%;padding:10px;border:1px solid #cbd5e1;border-radius:8px;box-sizing:border-box\"><label style=\"display:block;font-weight:600;margin:14px 0 6px;font-size:14px\">Add buffer for spending money?<\/label><select id=\"vs-b\" style=\"width:100%;padding:10px;border:1px solid #cbd5e1;border-radius:8px;box-sizing:border-box\"><option value=\"0\">No (exact budget)<\/option><option value=\"15\" selected>+15% buffer<\/option><option value=\"25\">+25% buffer (luxury)<\/option><\/select><button id=\"vs-go\" style=\"background:#d8232a;color:#fff;border:0;padding:12px 22px;border-radius:8px;font-weight:700;cursor:pointer;font-size:15px;margin-top:18px;width:100%\">Calculate<\/button><div id=\"vs-out\" style=\"margin-top:18px\"><\/div><\/div><\/div><script>(function(){var sixMonths=new Date();sixMonths.setMonth(sixMonths.getMonth()+6);document.getElementById(\"vs-d\").value=sixMonths.toISOString().slice(0,10);function R(){var t=+document.getElementById(\"vs-t\").value||0;var s=+document.getElementById(\"vs-s\").value||0;var b=+document.getElementById(\"vs-b\").value;var d=new Date(document.getElementById(\"vs-d\").value);var today=new Date();var days=(d-today)\/86400000;var weeks=Math.max(1,Math.ceil(days\/7));var months=Math.max(1,Math.ceil(days\/30));var goal=t*(1+b\/100);var remaining=goal-s;var weekly=remaining\/weeks;var monthly=remaining\/months;var box=document.getElementById(\"vs-out\");box.textContent=\"\";var dv=document.createElement(\"div\");dv.style.cssText=\"background:#fff;border-left:4px solid #16a34a;border-radius:8px;padding:14px 16px\";dv.innerHTML=\"<h4 style=\\\"margin:0 0 6px;font-size:18px;color:#0b1f3a\\\">$\"+weekly.toFixed(0)+\"\/week ($\"+monthly.toFixed(0)+\"\/month)<\/h4><p style=\\\"margin:0;color:#475569;font-size:14px\\\">Goal: $\"+goal.toFixed(0)+\" (incl. \"+b+\"% buffer). Need $\"+remaining.toFixed(0)+\" more over \"+weeks+\" weeks. Auto-transfer $\"+Math.ceil(weekly)+\" weekly to a TFSA or high-interest savings.<\/p>\";box.appendChild(dv);}document.getElementById(\"vs-go\").addEventListener(\"click\",R);R();})();<\/script>\n\n\n\n<div class=\"mtl-sources\" style=\"font-family:-apple-system,BlinkMacSystemFont,sans-serif;max-width:760px;margin:20px auto;padding:14px 20px;background:#fff;border-top:1px solid #e2e8f0;color:#475569;font-size:13px;line-height:1.5\"><p style=\"margin:0 0 6px\"><strong>Examin\u00e9 par :<\/strong> L&#039;\u00e9quipe \u00e9ditoriale de Montreal Tips \u00b7 <strong>Derni\u00e8re mise \u00e0 jour\u00a0:<\/strong> 13 mai 2026<\/p><p style=\"margin:0\"><strong>Note:<\/strong> Estimates only \u2014 verify with official sources before booking.<\/p><\/div>","protected":false},"excerpt":{"rendered":"<p>Quick answer How much should I save per week for my vacation? Set a target trip cost and date \u2014 get a weekly savings number. Add a 15% buffer for spending money + unexpected costs. &#x1f3dd;&#xfe0f; Vacation Savings Goal How much to set aside weekly to hit your trip budget. Total trip cost target ($)Departure [&hellip;]<\/p>\n","protected":false},"author":1,"featured_media":0,"parent":0,"menu_order":0,"comment_status":"closed","ping_status":"closed","template":"","meta":{"footnotes":""},"class_list":["post-9177","page","type-page","status-publish","hentry"],"yoast_head":"<!-- This site is optimized with the Yoast SEO plugin v27.6 - https:\/\/yoast.com\/product\/yoast-seo-wordpress\/ -->\n<title>Vacation Savings Goal Calculator - Montreal Tips<\/title>\n<meta name=\"robots\" content=\"index, follow, max-snippet:-1, max-image-preview:large, max-video-preview:-1\" \/>\n<link rel=\"canonical\" href=\"https:\/\/montrealtips.com\/fr\/vacation-savings-goal\/\" \/>\n<meta property=\"og:locale\" content=\"fr_CA\" \/>\n<meta property=\"og:type\" content=\"article\" \/>\n<meta property=\"og:title\" content=\"Vacation Savings Goal Calculator - Montreal Tips\" \/>\n<meta property=\"og:description\" content=\"Quick answer How much should I save per week for my vacation? Set a target trip cost and date \u2014 get a weekly savings number. Add a 15% buffer for spending money + unexpected costs. &#x1f3dd;&#xfe0f; Vacation Savings Goal How much to set aside weekly to hit your trip budget. Total trip cost target ($)Departure [&hellip;]\" \/>\n<meta property=\"og:url\" content=\"https:\/\/montrealtips.com\/fr\/vacation-savings-goal\/\" \/>\n<meta property=\"og:site_name\" content=\"Montreal Tips\" \/>\n<meta property=\"article:publisher\" content=\"https:\/\/www.facebook.com\/mtltips\/\" \/>\n<meta property=\"article:modified_time\" content=\"2026-05-15T18:59:03+00:00\" \/>\n<meta property=\"og:image\" content=\"https:\/\/montrealtips.com\/wp-content\/uploads\/2017\/04\/Downtown-Church-Photo-From-Mont-Royal.jpg\" \/>\n\t<meta property=\"og:image:width\" content=\"1869\" \/>\n\t<meta property=\"og:image:height\" content=\"1246\" \/>\n\t<meta property=\"og:image:type\" content=\"image\/jpeg\" \/>\n<meta name=\"twitter:card\" content=\"summary_large_image\" \/>\n<meta name=\"twitter:site\" content=\"@mtltips\" \/>\n<script type=\"application\/ld+json\" class=\"yoast-schema-graph\">{\"@context\":\"https:\\\/\\\/schema.org\",\"@graph\":[{\"@type\":\"WebPage\",\"@id\":\"https:\\\/\\\/montrealtips.com\\\/vacation-savings-goal\\\/\",\"url\":\"https:\\\/\\\/montrealtips.com\\\/vacation-savings-goal\\\/\",\"name\":\"Vacation Savings Goal Calculator - Montreal Tips\",\"isPartOf\":{\"@id\":\"https:\\\/\\\/montrealtips.com\\\/#website\"},\"datePublished\":\"2026-05-15T17:43:48+00:00\",\"dateModified\":\"2026-05-15T18:59:03+00:00\",\"breadcrumb\":{\"@id\":\"https:\\\/\\\/montrealtips.com\\\/vacation-savings-goal\\\/#breadcrumb\"},\"inLanguage\":\"fr-CA\",\"potentialAction\":[{\"@type\":\"ReadAction\",\"target\":[\"https:\\\/\\\/montrealtips.com\\\/vacation-savings-goal\\\/\"]}]},{\"@type\":\"BreadcrumbList\",\"@id\":\"https:\\\/\\\/montrealtips.com\\\/vacation-savings-goal\\\/#breadcrumb\",\"itemListElement\":[{\"@type\":\"ListItem\",\"position\":1,\"name\":\"Home\",\"item\":\"https:\\\/\\\/montrealtips.com\\\/\"},{\"@type\":\"ListItem\",\"position\":2,\"name\":\"Vacation Savings Goal Calculator\"}]},{\"@type\":\"WebSite\",\"@id\":\"https:\\\/\\\/montrealtips.com\\\/#website\",\"url\":\"https:\\\/\\\/montrealtips.com\\\/\",\"name\":\"Montreal Tips\",\"description\":\"Montreal Updates, Features and Articles\",\"publisher\":{\"@id\":\"https:\\\/\\\/montrealtips.com\\\/#organization\"},\"potentialAction\":[{\"@type\":\"SearchAction\",\"target\":{\"@type\":\"EntryPoint\",\"urlTemplate\":\"https:\\\/\\\/montrealtips.com\\\/?s={search_term_string}\"},\"query-input\":{\"@type\":\"PropertyValueSpecification\",\"valueRequired\":true,\"valueName\":\"search_term_string\"}}],\"inLanguage\":\"fr-CA\"},{\"@type\":\"Organization\",\"@id\":\"https:\\\/\\\/montrealtips.com\\\/#organization\",\"name\":\"Montreal Tips\",\"url\":\"https:\\\/\\\/montrealtips.com\\\/\",\"logo\":{\"@type\":\"ImageObject\",\"inLanguage\":\"fr-CA\",\"@id\":\"https:\\\/\\\/montrealtips.com\\\/#\\\/schema\\\/logo\\\/image\\\/\",\"url\":\"https:\\\/\\\/montrealtips.com\\\/wp-content\\\/uploads\\\/2018\\\/08\\\/Untitled-2.jpg\",\"contentUrl\":\"https:\\\/\\\/montrealtips.com\\\/wp-content\\\/uploads\\\/2018\\\/08\\\/Untitled-2.jpg\",\"width\":1206,\"height\":1084,\"caption\":\"Montreal Tips\"},\"image\":{\"@id\":\"https:\\\/\\\/montrealtips.com\\\/#\\\/schema\\\/logo\\\/image\\\/\"},\"sameAs\":[\"https:\\\/\\\/www.facebook.com\\\/mtltips\\\/\",\"https:\\\/\\\/x.com\\\/mtltips\",\"https:\\\/\\\/www.instagram.com\\\/mtltips\\\/\",\"https:\\\/\\\/www.linkedin.com\\\/company\\\/montreal-tips\\\/\",\"https:\\\/\\\/www.pinterest.ca\\\/mtltips\\\/\"]}]}<\/script>\n<!-- \/ Yoast SEO plugin. -->","yoast_head_json":{"title":"Vacation Savings Goal Calculator - Montreal Tips","robots":{"index":"index","follow":"follow","max-snippet":"max-snippet:-1","max-image-preview":"max-image-preview:large","max-video-preview":"max-video-preview:-1"},"canonical":"https:\/\/montrealtips.com\/fr\/vacation-savings-goal\/","og_locale":"fr_CA","og_type":"article","og_title":"Vacation Savings Goal Calculator - Montreal Tips","og_description":"Quick answer How much should I save per week for my vacation? Set a target trip cost and date \u2014 get a weekly savings number. Add a 15% buffer for spending money + unexpected costs. &#x1f3dd;&#xfe0f; Vacation Savings Goal How much to set aside weekly to hit your trip budget. Total trip cost target ($)Departure [&hellip;]","og_url":"https:\/\/montrealtips.com\/fr\/vacation-savings-goal\/","og_site_name":"Montreal Tips","article_publisher":"https:\/\/www.facebook.com\/mtltips\/","article_modified_time":"2026-05-15T18:59:03+00:00","og_image":[{"width":1869,"height":1246,"url":"https:\/\/montrealtips.com\/wp-content\/uploads\/2017\/04\/Downtown-Church-Photo-From-Mont-Royal.jpg","type":"image\/jpeg"}],"twitter_card":"summary_large_image","twitter_site":"@mtltips","schema":{"@context":"https:\/\/schema.org","@graph":[{"@type":"WebPage","@id":"https:\/\/montrealtips.com\/vacation-savings-goal\/","url":"https:\/\/montrealtips.com\/vacation-savings-goal\/","name":"Vacation Savings Goal Calculator - Montreal Tips","isPartOf":{"@id":"https:\/\/montrealtips.com\/#website"},"datePublished":"2026-05-15T17:43:48+00:00","dateModified":"2026-05-15T18:59:03+00:00","breadcrumb":{"@id":"https:\/\/montrealtips.com\/vacation-savings-goal\/#breadcrumb"},"inLanguage":"fr-CA","potentialAction":[{"@type":"ReadAction","target":["https:\/\/montrealtips.com\/vacation-savings-goal\/"]}]},{"@type":"BreadcrumbList","@id":"https:\/\/montrealtips.com\/vacation-savings-goal\/#breadcrumb","itemListElement":[{"@type":"ListItem","position":1,"name":"Home","item":"https:\/\/montrealtips.com\/"},{"@type":"ListItem","position":2,"name":"Vacation Savings Goal Calculator"}]},{"@type":"WebSite","@id":"https:\/\/montrealtips.com\/#website","url":"https:\/\/montrealtips.com\/","name":"Conseils pour Montr\u00e9al","description":"Actualit\u00e9s, reportages et articles sur Montr\u00e9al","publisher":{"@id":"https:\/\/montrealtips.com\/#organization"},"potentialAction":[{"@type":"SearchAction","target":{"@type":"EntryPoint","urlTemplate":"https:\/\/montrealtips.com\/?s={search_term_string}"},"query-input":{"@type":"PropertyValueSpecification","valueRequired":true,"valueName":"search_term_string"}}],"inLanguage":"fr-CA"},{"@type":"Organization","@id":"https:\/\/montrealtips.com\/#organization","name":"Conseils pour Montr\u00e9al","url":"https:\/\/montrealtips.com\/","logo":{"@type":"ImageObject","inLanguage":"fr-CA","@id":"https:\/\/montrealtips.com\/#\/schema\/logo\/image\/","url":"https:\/\/montrealtips.com\/wp-content\/uploads\/2018\/08\/Untitled-2.jpg","contentUrl":"https:\/\/montrealtips.com\/wp-content\/uploads\/2018\/08\/Untitled-2.jpg","width":1206,"height":1084,"caption":"Montreal Tips"},"image":{"@id":"https:\/\/montrealtips.com\/#\/schema\/logo\/image\/"},"sameAs":["https:\/\/www.facebook.com\/mtltips\/","https:\/\/x.com\/mtltips","https:\/\/www.instagram.com\/mtltips\/","https:\/\/www.linkedin.com\/company\/montreal-tips\/","https:\/\/www.pinterest.ca\/mtltips\/"]}]}},"_links":{"self":[{"href":"https:\/\/montrealtips.com\/fr\/wp-json\/wp\/v2\/pages\/9177","targetHints":{"allow":["GET"]}}],"collection":[{"href":"https:\/\/montrealtips.com\/fr\/wp-json\/wp\/v2\/pages"}],"about":[{"href":"https:\/\/montrealtips.com\/fr\/wp-json\/wp\/v2\/types\/page"}],"author":[{"embeddable":true,"href":"https:\/\/montrealtips.com\/fr\/wp-json\/wp\/v2\/users\/1"}],"replies":[{"embeddable":true,"href":"https:\/\/montrealtips.com\/fr\/wp-json\/wp\/v2\/comments?post=9177"}],"version-history":[{"count":1,"href":"https:\/\/montrealtips.com\/fr\/wp-json\/wp\/v2\/pages\/9177\/revisions"}],"predecessor-version":[{"id":9204,"href":"https:\/\/montrealtips.com\/fr\/wp-json\/wp\/v2\/pages\/9177\/revisions\/9204"}],"wp:attachment":[{"href":"https:\/\/montrealtips.com\/fr\/wp-json\/wp\/v2\/media?parent=9177"}],"curies":[{"name":"wp","href":"https:\/\/api.w.org\/{rel}","templated":true}]}}